{"id":130,"date":"2016-12-24T19:00:49","date_gmt":"2016-12-24T19:00:49","guid":{"rendered":"https:\/\/www.buergerhaus-erfttal.de\/index.php\/infotheke-cafeteria\/"},"modified":"2025-09-27T14:46:52","modified_gmt":"2025-09-27T14:46:52","slug":"infotheke-cafeteria","status":"publish","type":"page","link":"https:\/\/www.buergerhaus-erfttal.de\/?page_id=130","title":{"rendered":"Infotheke \/ Cafeteria"},"content":{"rendered":"<div class=\"wpb-content-wrapper\"><p>[vc_row][vc_column width=&#8221;2\/3&#8243;][vc_column_text css=&#8221;&#8221;]<strong>Info-Theke<\/strong><\/p>\n<p>Werner Kloth<\/p>\n<p>Briefmarkenverkauf, Kopier- und Faxservice, kalte und warme Getr\u00e4nke, Fr\u00fchst\u00fcck<\/p>\n<div><strong>Bistro im Foyer<\/strong> zu den \u00d6ffnungszeiten der Info-Theke<\/div>\n<div>Kaffee, Cappuccino, Latte Macchiato, Espresso, Milchkaffee, Tee und kalte Getr\u00e4nke f\u00fcr 0,70\u20ac \/ 1,- \/ 1,20\u20ac<\/div>\n<div>ein St\u00fcck selbstgebackenen Kuchen f\u00fcr 0,90\u20ac (solange der Vorrat reicht)<\/div>\n<div><\/div>\n<div>\u00d6ffnungszeiten:<\/div>\n<div>Mo. &#8211; Fr.: 9:00 &#8211; 14:00 Uhr<br \/>\nDi., Do.: 14:00 &#8211; 17:00 Uhr<\/div>\n<p>[\/vc_column_text][\/vc_column][vc_column width=&#8221;1\/3&#8243;][vc_column_text css=&#8221;&#8221;]<\/p>\n<td style=\"vertical-align: top;\"><img loading=\"lazy\" decoding=\"async\" class=\" size-full wp-image-127\" src=\"https:\/\/www.buergerhaus-erfttal.de\/wp-content\/uploads\/2016\/12\/infotheke-2a2.jpg\" alt=\"infotheke\" width=\"307\" height=\"230\" srcset=\"https:\/\/www.buergerhaus-erfttal.de\/wp-content\/uploads\/2016\/12\/infotheke-2a2.jpg 422w, https:\/\/www.buergerhaus-erfttal.de\/wp-content\/uploads\/2016\/12\/infotheke-2a2-300x225.jpg 300w\" sizes=\"auto, (max-width: 307px) 100vw, 307px\" \/><\/td>\n<p>[\/vc_column_text][\/vc_column][vc_column][vc_separator css=&#8221;&#8221;][\/vc_column][\/vc_row][vc_row][vc_column][vc_column_text css=&#8221;&#8221;]<strong>Mittagstisch<\/strong><\/p>\n<p>Der Mittagstisch beinhaltet ein Hauptgericht und Dessert.<\/p>\n<p>Bitte einen Tag vorher anmelden unter 02131\/101776.<\/p>\n<p><a class=\"jcepopup\" href=\"https:\/\/www.buergerhaus-erfttal.de\/wp-content\/uploads\/2013\/11\/speiseplan-28c-scaled.jpg\" data-mediabox=\"1\">Den aktuellen Men\u00fcplan finden Sie hier..<\/a><\/p>\n<p>Mo. &#8211; Fr.: 12:00 &#8211; 13:00 Uhr[\/vc_column_text][vc_separator css=&#8221;&#8221;][vc_row_inner][vc_column_inner width=&#8221;2\/3&#8243;][vc_column_text css=&#8221;&#8221;]<strong>Vermietung von R\u00e4umlichkeiten f\u00fcr Familienfeiern<\/strong><\/p>\n<p>Das B\u00fcrgerhaus Erfttal vermietet R\u00e4umlichkeiten f\u00fcr private Feiern am Wochenende.<\/p>\n<p>Mietkosten:<\/p>\n<p>Cafet\u00e9ria, K\u00fcche und Foyer:<br \/>\n200,- \u20ac f\u00fcr 50 Personen<br \/>\n+ 100,- \u20ac Kaution<\/p>\n<p>Weitere Informationen:<\/p>\n<p>B\u00fcrgerhaus Erfttal, Bedburger Str. 61, 41469 Neuss<\/p>\n<p>an der Info-Theke zu den \u00d6ffnungszeiten:<br \/>\nMo. &#8211; Fr.: 9:00 &#8211; 14:00 Uhr<br \/>\nDi., Do.: 14:00 &#8211; 17:00 Uhr[\/vc_column_text][\/vc_column_inner][vc_column_inner width=&#8221;1\/3&#8243;][vc_column_text css=&#8221;&#8221;]<\/p>\n<td style=\"vertical-align: top;\"><img loading=\"lazy\" decoding=\"async\" class=\" size-full wp-image-128\" src=\"https:\/\/www.buergerhaus-erfttal.de\/wp-content\/uploads\/2016\/12\/cafeteria-f4f.jpg\" alt=\"cafeteria\" width=\"307\" height=\"205\" srcset=\"https:\/\/www.buergerhaus-erfttal.de\/wp-content\/uploads\/2016\/12\/cafeteria-f4f.jpg 307w, https:\/\/www.buergerhaus-erfttal.de\/wp-content\/uploads\/2016\/12\/cafeteria-f4f-300x200.jpg 300w\" sizes=\"auto, (max-width: 307px) 100vw, 307px\" \/>[\/vc_column_text][vc_column_text css=&#8221;&#8221;]<img loading=\"lazy\" decoding=\"async\" class=\" size-full wp-image-129\" src=\"https:\/\/www.buergerhaus-erfttal.de\/wp-content\/uploads\/2016\/12\/foyer-213.jpg\" alt=\"foyer\" width=\"307\" height=\"205\" srcset=\"https:\/\/www.buergerhaus-erfttal.de\/wp-content\/uploads\/2016\/12\/foyer-213.jpg 307w, https:\/\/www.buergerhaus-erfttal.de\/wp-content\/uploads\/2016\/12\/foyer-213-300x200.jpg 300w\" sizes=\"auto, (max-width: 307px) 100vw, 307px\" \/><\/td>\n<p>[\/vc_column_text][\/vc_column_inner][\/vc_row_inner][\/vc_column][\/vc_row]<\/p>\n<\/div>","protected":false},"excerpt":{"rendered":"<p>[vc_row][vc_column width=&#8221;2\/3&#8243;][vc_column_text css=&#8221;&#8221;]Info-Theke Werner Kloth Briefmarkenverkauf, Kopier- und Faxservice, kalte und warme Getr\u00e4nke, Fr\u00fchst\u00fcck Bistro im Foyer zu den \u00d6ffnungszeiten der Info-Theke Kaffee, Cappuccino, Latte Macchiato, Espresso, Milchkaffee, Tee und kalte Getr\u00e4nke f\u00fcr 0,70\u20ac \/ 1,- \/ 1,20\u20ac ein St\u00fcck selbstgebackenen Kuchen f\u00fcr 0,90\u20ac (solange der Vorrat reicht) \u00d6ffnungszeiten: Mo. &#8211; Fr.: 9:00 &#8211; 14:00 [&hellip;]<\/p>\n","protected":false},"author":1,"featured_media":127,"parent":0,"menu_order":15,"comment_status":"closed","ping_status":"closed","template":"","meta":{"footnotes":""},"class_list":["post-130","page","type-page","status-publish","has-post-thumbnail","hentry"],"_links":{"self":[{"href":"https:\/\/www.buergerhaus-erfttal.de\/index.php?rest_route=\/wp\/v2\/pages\/130","targetHints":{"allow":["GET"]}}],"collection":[{"href":"https:\/\/www.buergerhaus-erfttal.de\/index.php?rest_route=\/wp\/v2\/pages"}],"about":[{"href":"https:\/\/www.buergerhaus-erfttal.de\/index.php?rest_route=\/wp\/v2\/types\/page"}],"author":[{"embeddable":true,"href":"https:\/\/www.buergerhaus-erfttal.de\/index.php?rest_route=\/wp\/v2\/users\/1"}],"replies":[{"embeddable":true,"href":"https:\/\/www.buergerhaus-erfttal.de\/index.php?rest_route=%2Fwp%2Fv2%2Fcomments&post=130"}],"version-history":[{"count":4,"href":"https:\/\/www.buergerhaus-erfttal.de\/index.php?rest_route=\/wp\/v2\/pages\/130\/revisions"}],"predecessor-version":[{"id":340,"href":"https:\/\/www.buergerhaus-erfttal.de\/index.php?rest_route=\/wp\/v2\/pages\/130\/revisions\/340"}],"wp:featuredmedia":[{"embeddable":true,"href":"https:\/\/www.buergerhaus-erfttal.de\/index.php?rest_route=\/wp\/v2\/media\/127"}],"wp:attachment":[{"href":"https:\/\/www.buergerhaus-erfttal.de\/index.php?rest_route=%2Fwp%2Fv2%2Fmedia&parent=130"}],"curies":[{"name":"wp","href":"https:\/\/api.w.org\/{rel}","templated":true}]}}