{"id":132,"date":"2017-04-10T17:42:07","date_gmt":"2017-04-10T17:42:07","guid":{"rendered":"https:\/\/www.buergerhaus-erfttal.de\/index.php\/leitbild-des-traegers-sozialdienst-katholischer-maenner-neuss-e-v-skm-2\/"},"modified":"2025-09-28T14:43:06","modified_gmt":"2025-09-28T14:43:06","slug":"leitbild-des-traegers-sozialdienst-katholischer-maenner-neuss-e-v-skm-2","status":"publish","type":"page","link":"https:\/\/www.buergerhaus-erfttal.de\/?page_id=132","title":{"rendered":"Leitbild des Tr\u00e4gers: Sozialdienst Katholischer M\u00e4nner Neuss e.V. (SKM)"},"content":{"rendered":"<div class=\"wpb-content-wrapper\"><p>[vc_row][vc_column][vc_column_text]<strong><span style=\"text-decoration: underline;\">\u201eIm Mittelpunkt steht der Mensch\u201c<\/span><\/strong><\/p>\n<p>Wir handeln \u00fcberzeugt und mit dem Ziel der Gleichstellung aller Menschen, unabh\u00e4ngig von Geschlecht, sexueller Orientierung, F\u00e4higkeiten, Herkunft, Glaube und Identit\u00e4t.<\/p>\n<p>Wir begr\u00fc\u00dfen Vielfalt und verstehen Unterschiedlichkeit als Bereicherung.<\/p>\n<p>Wir gemeinsam sowie jeder und jede Einzelne setzen uns daf\u00fcr ein, dass<br \/>\n\u2022 jeder Mensch das Recht auf freie Meinungs\u00e4u\u00dferung hat<br \/>\n\u2022 das Recht eines jeden Menschen auf Selbstbestimmung geachtet wird<br \/>\n\u2022 rechts- und linksradikale, antisemitische, faschistische und neonazistische Tendenzen benannt und bek\u00e4mpft werden<br \/>\n\u2022 eine Begegnung mit Menschen und Gruppierungen aus allen Kulturen und Religionen konstruktiv und wertsch\u00e4tzend erfolgt<br \/>\n\u2022 Lebensentw\u00fcrfe Anderer mit Toleranz und Respekt geachtet werden<br \/>\n\u2022 jede Form von Diskriminierung und Rassismus erkannt und ihr entgegengetreten wird<br \/>\n\u2022 gegen finanzielle, k\u00f6rperliche, psychische, sexualisierte, strukturelle und verbale Gewalt die Stimme erhoben wird<br \/>\n\u2022 Zivilcourage gest\u00e4rkt wird<br \/>\n\u2022 die Einsicht greift, dass das Menschsein jeder Person mehr wiegt, als ihr Funktionieren in gesellschaftlichen Bez\u00fcgen<br \/>\n\u2022 alle Menschen, die Hilfe ben\u00f6tigen und diese wollen, diese Hilfe erhalten- unabh\u00e4ngig von sozialer oder ethnischer Herkunft, Nationalit\u00e4t, sexueller Orientierung, Religion und Weltanschauung<br \/>\n\u2022 unser Wertekodex bei der Weiterentwicklung des Vereins handlungsleitend bleibt, weil die W\u00fcrde des Menschen unantastbar ist!<\/p>\n<p>In Zeiten des Wandels zeigen wir Flagge und kommen ins Gespr\u00e4ch.<\/p>\n<p style=\"text-align: right;\"><span style=\"font-size: 10.5pt; color: #333333;\">(\u201eLeitbild des SKM Neuss e.V., August 2021\u201c)<\/span><\/p>\n<p>&nbsp;<\/p>\n<p><strong>Dieser Handlungsmaxime folgend wurde das Leitbild des Handlungsfeldes Aktivierung &amp; berufliche Eingliederung wie folgt weiterentwickelt:<\/strong><\/p>\n<p style=\"text-align: justify;\">Menschen definieren sich, ihren sozialen Status und den ihrer Mitmenschen zu einem wesentlichen Teil \u00fcber ihre Arbeit. Mit unseren Ma\u00dfnahmen zur Aktivierung &amp; berufliche Eingliederung bieten wir den TeilnehmerInnen Wege zur Entfaltung eigener F\u00e4higkeiten und zur Erlangung eines positiven Selbstbildes. F\u00fcr unsere praktische Arbeit bedeutet dies, Menschen zu f\u00f6rdern, ihr Potenzial zu entdecken und dieses weiterzuentwickeln. Wir unterst\u00fctzen unsere TeilnehmerInnen in einem partnerschaftlichen Miteinander dabei, sich den stetig ver\u00e4ndernden Bedingungen auf dem Arbeitsmarkt zu stellen. Dabei legen wir gro\u00dfen Wert auf Chancengleichheit, Toleranz und einen respektvollen Umgang miteinander.<\/p>\n<p style=\"text-align: justify;\">Wir wenden uns an Personen im erwerbsf\u00e4higen Alter, unterschiedlichster sozialer und kultureller Herkunft. Ziel ist die Aktivierung und berufliche Eingliederung in den Arbeitsmarkt im Sinne des \u00a7 45 SGB III.<\/p>\n<p style=\"text-align: justify;\">Dauerhafte und Existenz sichernde Erwerbsarbeit ist ein zentraler Faktor, der \u00fcber gesellschaftliche Integration, wirtschaftliche und soziale Gerechtigkeit und Teilhabe entscheidet. Unseren TeilnehmerInnen entsprechende Zug\u00e4nge zu er\u00f6ffnen, betrachten wir nicht nur als Ziel unserer Ma\u00dfnahmen, sondern als Aufgabe der Solidargesellschaft. Dabei begleiten wir unsere TeilnehmerInnen durch qualifiziertes Fachpersonal, das sich durch eine hohe Fach- und Sozialkompetenz sowie Diversit\u00e4t auszeichnet.<\/p>\n<p>[\/vc_column_text][\/vc_column][\/vc_row]<\/p>\n<\/div>","protected":false},"excerpt":{"rendered":"<p>[vc_row][vc_column][vc_column_text]\u201eIm Mittelpunkt steht der Mensch\u201c Wir handeln \u00fcberzeugt und mit dem Ziel der Gleichstellung aller Menschen, unabh\u00e4ngig von Geschlecht, sexueller Orientierung, F\u00e4higkeiten, Herkunft, Glaube und Identit\u00e4t. Wir begr\u00fc\u00dfen Vielfalt und verstehen Unterschiedlichkeit als Bereicherung. Wir gemeinsam sowie jeder und jede Einzelne setzen uns daf\u00fcr ein, dass \u2022 jeder Mensch das Recht auf freie Meinungs\u00e4u\u00dferung hat [&hellip;]<\/p>\n","protected":false},"author":1,"featured_media":0,"parent":0,"menu_order":13,"comment_status":"closed","ping_status":"closed","template":"","meta":{"footnotes":""},"class_list":["post-132","page","type-page","status-publish","hentry"],"_links":{"self":[{"href":"https:\/\/www.buergerhaus-erfttal.de\/index.php?rest_route=\/wp\/v2\/pages\/132","targetHints":{"allow":["GET"]}}],"collection":[{"href":"https:\/\/www.buergerhaus-erfttal.de\/index.php?rest_route=\/wp\/v2\/pages"}],"about":[{"href":"https:\/\/www.buergerhaus-erfttal.de\/index.php?rest_route=\/wp\/v2\/types\/page"}],"author":[{"embeddable":true,"href":"https:\/\/www.buergerhaus-erfttal.de\/index.php?rest_route=\/wp\/v2\/users\/1"}],"replies":[{"embeddable":true,"href":"https:\/\/www.buergerhaus-erfttal.de\/index.php?rest_route=%2Fwp%2Fv2%2Fcomments&post=132"}],"version-history":[{"count":16,"href":"https:\/\/www.buergerhaus-erfttal.de\/index.php?rest_route=\/wp\/v2\/pages\/132\/revisions"}],"predecessor-version":[{"id":400,"href":"https:\/\/www.buergerhaus-erfttal.de\/index.php?rest_route=\/wp\/v2\/pages\/132\/revisions\/400"}],"wp:attachment":[{"href":"https:\/\/www.buergerhaus-erfttal.de\/index.php?rest_route=%2Fwp%2Fv2%2Fmedia&parent=132"}],"curies":[{"name":"wp","href":"https:\/\/api.w.org\/{rel}","templated":true}]}}