{"id":134,"date":"2017-04-11T15:31:25","date_gmt":"2017-04-11T15:31:25","guid":{"rendered":"https:\/\/www.buergerhaus-erfttal.de\/index.php\/mittagstisch\/"},"modified":"2025-11-02T22:03:30","modified_gmt":"2025-11-02T22:03:30","slug":"mittagstisch","status":"publish","type":"page","link":"https:\/\/www.buergerhaus-erfttal.de\/?page_id=134","title":{"rendered":"Mittagstisch"},"content":{"rendered":"<div class=\"wpb-content-wrapper\"><p>[vc_row][vc_column][vc_column_text css=&#8221;&#8221;]<\/p>\n<p style=\"text-align: justify;\">Das Mittagstisch-Projekt f\u00fchren wir seit 2006 durch. F\u00fcr unsere Besucherinnen und Besucher, meist Senior\/inn\/en aus dem Stadtteil, bietet der Mittagstisch t\u00e4glich ein kosteng\u00fcnstiges Men\u00fc an.<\/p>\n<p style=\"text-align: justify;\">Wir richten uns mit diesem Projekt zur beruflichen Integration an Personen, die aufgrund ihrer pers\u00f6nlichen Situation, z.B. als alleinerziehende M\u00fctter, darin gehindert sind, Zugang zum ersten Arbeitsmarkt zu finden. Dem Projekt sind insgesamt eine sozialversicherungspflichtige Anleiterstelle, vier AGH-Pl\u00e4tze und zwei FIM-Pl\u00e4tze (Fl\u00fcchtlingsintegrationsma\u00dfnahmen) zugeordnet. Die Anleiterin unterweist die Teilnehmer\/innen in den Aufgabenbereichen Men\u00fcplanung, Einkauf, Speisenzubereitung, Service, Raum- und Materialpflege sowie bei der t\u00e4glichen Kassenabrechnung. Geleitet wird das Projekt von einer sozialp\u00e4dagogischen Fachkraft, die die Anleiterin in regelm\u00e4\u00dfigen Einzel- und Teamgespr\u00e4chen unterst\u00fctzend begleitet.<\/p>\n<p style=\"text-align: justify;\">Die Ma\u00dfnahme verfolgt zweierlei Ziele:<\/p>\n<ol style=\"text-align: justify;\">\n<li>berufliche Integration sowie soziale und gesellschaftliche Teilhabe der Anleiterin und der beteiligten AGH- und FIM-Kr\u00e4fte.<\/li>\n<\/ol>\n<ol start=\"2\">\n<li style=\"text-align: justify;\">Kosteng\u00fcnstiges Mittagsessen f\u00fcr Senior\/inn\/en zur \u00dcberwindung wirtschaftlich prek\u00e4rer Lebenslagen sowie Aktivierung bzw. Reaktivierung sozialer Kontakte und nachbarschaftlicher Strukturen im Stadtteil Neuss-Erfttal.<\/li>\n<\/ol>\n<p>&nbsp;<\/p>\n<p>Der Mittagstisch am Mo. &#8211; Fr. jeweils von 12:00-13:00 Uhr beinhaltet ein Hauptgericht und Dessert.<\/p>\n<p>Bitte einen Tag vorher anmelden unter 02131\/101776.<\/p>\n<p>Den aktuellen Men\u00fcplan finden Sie hier: <em><span style=\"font-size: 10pt;\">[durch Anklicken vergr\u00f6\u00dfern]<\/span><\/em>[\/vc_column_text][vc_single_image image=&#8221;456&#8243; img_size=&#8221;full&#8221; alignment=&#8221;center&#8221; onclick=&#8221;img_link_large&#8221; css=&#8221;&#8221;][\/vc_column][\/vc_row]<\/p>\n<\/div>","protected":false},"excerpt":{"rendered":"<p>[vc_row][vc_column][vc_column_text css=&#8221;&#8221;] Das Mittagstisch-Projekt f\u00fchren wir seit 2006 durch. F\u00fcr unsere Besucherinnen und Besucher, meist Senior\/inn\/en aus dem Stadtteil, bietet der Mittagstisch t\u00e4glich ein kosteng\u00fcnstiges Men\u00fc an. Wir richten uns mit diesem Projekt zur beruflichen Integration an Personen, die aufgrund ihrer pers\u00f6nlichen Situation, z.B. als alleinerziehende M\u00fctter, darin gehindert sind, Zugang zum ersten Arbeitsmarkt zu [&hellip;]<\/p>\n","protected":false},"author":1,"featured_media":0,"parent":0,"menu_order":11,"comment_status":"closed","ping_status":"closed","template":"","meta":{"footnotes":""},"class_list":["post-134","page","type-page","status-publish","hentry"],"_links":{"self":[{"href":"https:\/\/www.buergerhaus-erfttal.de\/index.php?rest_route=\/wp\/v2\/pages\/134","targetHints":{"allow":["GET"]}}],"collection":[{"href":"https:\/\/www.buergerhaus-erfttal.de\/index.php?rest_route=\/wp\/v2\/pages"}],"about":[{"href":"https:\/\/www.buergerhaus-erfttal.de\/index.php?rest_route=\/wp\/v2\/types\/page"}],"author":[{"embeddable":true,"href":"https:\/\/www.buergerhaus-erfttal.de\/index.php?rest_route=\/wp\/v2\/users\/1"}],"replies":[{"embeddable":true,"href":"https:\/\/www.buergerhaus-erfttal.de\/index.php?rest_route=%2Fwp%2Fv2%2Fcomments&post=134"}],"version-history":[{"count":2,"href":"https:\/\/www.buergerhaus-erfttal.de\/index.php?rest_route=\/wp\/v2\/pages\/134\/revisions"}],"predecessor-version":[{"id":458,"href":"https:\/\/www.buergerhaus-erfttal.de\/index.php?rest_route=\/wp\/v2\/pages\/134\/revisions\/458"}],"wp:attachment":[{"href":"https:\/\/www.buergerhaus-erfttal.de\/index.php?rest_route=%2Fwp%2Fv2%2Fmedia&parent=134"}],"curies":[{"name":"wp","href":"https:\/\/api.w.org\/{rel}","templated":true}]}}