{"id":139,"date":"2017-04-13T17:14:46","date_gmt":"2017-04-13T17:14:46","guid":{"rendered":"https:\/\/www.buergerhaus-erfttal.de\/index.php\/troedelmarkt\/"},"modified":"2017-04-13T17:14:46","modified_gmt":"2017-04-13T17:14:46","slug":"troedelmarkt","status":"publish","type":"page","link":"https:\/\/www.buergerhaus-erfttal.de\/?page_id=139","title":{"rendered":"Tr\u00f6delmarkt"},"content":{"rendered":"<div><span style=\"text-decoration: underline;\"><strong>Tr\u00f6delmarkt am B\u00fcrgerhaus Erfttal<\/strong><\/span><\/div>\n<div>Dieser Tr\u00f6delmarkt bietet ausschlie\u00dflich alte oder gebrauchte Sachen an,von Kleidung \u00fcber B\u00fccher und Spielsachen bis Haushaltwaren.<\/div>\n<div>Jeder Besucher ist herzlich eingeladen, in alten Sachen zu st\u00f6bern und vielleicht ein \u201eSchn\u00e4ppchen\u201c zu machen.<\/div>\n<div>Wer gebrauchte Sachen verkaufen m\u00f6chte, meldet sich im B\u00fcrgerhaus Erfttal unter 02131\/101776.<\/div>\n<div>Die Cafeteria ist ebenfalls ge\u00f6ffnet, wo f\u00fcr das leibliche Wohl bestens gesorgt wird.<\/div>\n<div>Da der Tr\u00f6delmarkt im Freien stattfindet, f\u00e4llt er bei Regenwetter aus.<\/div>\n<p><a href=\"https:\/\/www.buergerhaus-erfttal.de\/wp-content\/uploads\/2013\/11\/Troedelmarkttermine-426.jpg\" class=\"jcepopup\" data-mediabox=\"1\"><em>[F\u00fcr Termine und weitere Informationen bitte hier klicken]<\/em><\/a><\/p>\n<table>\n<tbody>\n<tr>\n<td><img loading=\"lazy\" decoding=\"async\" class=\" size-full wp-image-137\" src=\"https:\/\/www.buergerhaus-erfttal.de\/wp-content\/uploads\/2017\/04\/troedelmarkt-e8c.jpg\" alt=\"troedelmarkt\" width=\"307\" height=\"230\" srcset=\"https:\/\/www.buergerhaus-erfttal.de\/wp-content\/uploads\/2017\/04\/troedelmarkt-e8c.jpg 307w, https:\/\/www.buergerhaus-erfttal.de\/wp-content\/uploads\/2017\/04\/troedelmarkt-e8c-300x225.jpg 300w\" sizes=\"auto, (max-width: 307px) 100vw, 307px\" \/><\/td>\n<td>&nbsp;&nbsp;&nbsp;&nbsp;&nbsp;&nbsp;&nbsp;&nbsp;&nbsp;&nbsp;&nbsp;<\/td>\n<td><img loading=\"lazy\" decoding=\"async\" class=\" size-full wp-image-138\" src=\"https:\/\/www.buergerhaus-erfttal.de\/wp-content\/uploads\/2017\/04\/troedelmarkt1-9d7.jpg\" alt=\"troedelmarkt1\" width=\"307\" height=\"230\" srcset=\"https:\/\/www.buergerhaus-erfttal.de\/wp-content\/uploads\/2017\/04\/troedelmarkt1-9d7.jpg 307w, https:\/\/www.buergerhaus-erfttal.de\/wp-content\/uploads\/2017\/04\/troedelmarkt1-9d7-300x225.jpg 300w\" sizes=\"auto, (max-width: 307px) 100vw, 307px\" \/><\/td>\n<\/tr>\n<\/tbody>\n<\/table>\n","protected":false},"excerpt":{"rendered":"<p>Tr\u00f6delmarkt am B\u00fcrgerhaus Erfttal Dieser Tr\u00f6delmarkt bietet ausschlie\u00dflich alte oder gebrauchte Sachen an,von Kleidung \u00fcber B\u00fccher und Spielsachen bis Haushaltwaren. Jeder Besucher ist herzlich eingeladen, in alten Sachen zu st\u00f6bern und vielleicht ein \u201eSchn\u00e4ppchen\u201c zu machen. Wer gebrauchte Sachen verkaufen m\u00f6chte, meldet sich im B\u00fcrgerhaus Erfttal unter 02131\/101776. Die Cafeteria ist ebenfalls ge\u00f6ffnet, wo f\u00fcr [&hellip;]<\/p>\n","protected":false},"author":1,"featured_media":137,"parent":0,"menu_order":8,"comment_status":"closed","ping_status":"closed","template":"","meta":{"footnotes":""},"class_list":["post-139","page","type-page","status-publish","has-post-thumbnail","hentry"],"_links":{"self":[{"href":"https:\/\/www.buergerhaus-erfttal.de\/index.php?rest_route=\/wp\/v2\/pages\/139","targetHints":{"allow":["GET"]}}],"collection":[{"href":"https:\/\/www.buergerhaus-erfttal.de\/index.php?rest_route=\/wp\/v2\/pages"}],"about":[{"href":"https:\/\/www.buergerhaus-erfttal.de\/index.php?rest_route=\/wp\/v2\/types\/page"}],"author":[{"embeddable":true,"href":"https:\/\/www.buergerhaus-erfttal.de\/index.php?rest_route=\/wp\/v2\/users\/1"}],"replies":[{"embeddable":true,"href":"https:\/\/www.buergerhaus-erfttal.de\/index.php?rest_route=%2Fwp%2Fv2%2Fcomments&post=139"}],"version-history":[{"count":0,"href":"https:\/\/www.buergerhaus-erfttal.de\/index.php?rest_route=\/wp\/v2\/pages\/139\/revisions"}],"wp:featuredmedia":[{"embeddable":true,"href":"https:\/\/www.buergerhaus-erfttal.de\/index.php?rest_route=\/wp\/v2\/media\/137"}],"wp:attachment":[{"href":"https:\/\/www.buergerhaus-erfttal.de\/index.php?rest_route=%2Fwp%2Fv2%2Fmedia&parent=139"}],"curies":[{"name":"wp","href":"https:\/\/api.w.org\/{rel}","templated":true}]}}