{"id":144,"date":"2017-04-13T17:17:07","date_gmt":"2017-04-13T17:17:07","guid":{"rendered":"https:\/\/www.buergerhaus-erfttal.de\/index.php\/tanzcafe-im-buergerhaus-erfttal\/"},"modified":"2017-04-13T17:17:07","modified_gmt":"2017-04-13T17:17:07","slug":"tanzcafe-im-buergerhaus-erfttal","status":"publish","type":"page","link":"https:\/\/www.buergerhaus-erfttal.de\/?page_id=144","title":{"rendered":"Tanzcaf\u00e9 im B\u00fcrgerhaus Erfttal"},"content":{"rendered":"<p><span style=\"text-decoration: underline;\"><strong>Tanzcaf\u00e9 im B\u00fcrgerhaus Erfttal<\/strong><\/span><a name=\"tanzcafe\"><\/a><\/p>\n<table>\n<tbody>\n<tr>\n<td>\n<div style=\"text-align: left;\"><span style=\"text-decoration: underline;\">Geboten werden:<\/span><\/div>\n<div style=\"text-align: left;\">Live Musik<\/div>\n<div style=\"text-align: left;\">ein reichhaltiges Kuchen- B\u00fcffet,<\/div>\n<div style=\"text-align: left;\">kalte und warme Getr\u00e4nke<\/div>\n<div style=\"text-align: left;\">und vor allem ein netter Nachmittag in angenehmer Atmosph\u00e4re.<\/div>\n<p>(Buslinie 849 Erfttal) &#8211; siehe auch <a href=\"index.php\/kontakt\/wegbeschreibung\">Wegbeschreibung<\/a>&nbsp;<\/td>\n<td>&nbsp; &nbsp; &nbsp; &nbsp; &nbsp; &nbsp; &nbsp; &nbsp; &nbsp;<\/td>\n<td><a href=\"https:\/\/www.buergerhaus-erfttal.de\/wp-content\/uploads\/2017\/04\/Tanzcafe-b01.png\" class=\"jcepopup\" data-mediabox=\"1\"><img loading=\"lazy\" decoding=\"async\" src=\"https:\/\/www.buergerhaus-erfttal.de\/wp-content\/uploads\/2017\/04\/Tanzcafe-b01.png\" alt=\"Tanzcafe\" width=\"449\" height=\"635\" \/><\/a><\/td>\n<\/tr>\n<\/tbody>\n<\/table>\n<p>&nbsp;<\/p>\n<table>\n<tbody>\n<tr>\n<td style=\"text-align: center; vertical-align: middle;\">\n<div><img loading=\"lazy\" decoding=\"async\" class=\" size-full wp-image-141\" src=\"https:\/\/www.buergerhaus-erfttal.de\/wp-content\/uploads\/2017\/04\/tanzcafe32016-e70.jpg\" alt=\"tanzcafe32016\" width=\"390\" height=\"293\" srcset=\"https:\/\/www.buergerhaus-erfttal.de\/wp-content\/uploads\/2017\/04\/tanzcafe32016-e70.jpg 461w, https:\/\/www.buergerhaus-erfttal.de\/wp-content\/uploads\/2017\/04\/tanzcafe32016-e70-300x225.jpg 300w\" sizes=\"auto, (max-width: 390px) 100vw, 390px\" \/><\/div>\n<\/td>\n<td style=\"text-align: center; vertical-align: middle;\">\n<div>&nbsp;&nbsp;<\/div>\n<\/td>\n<td style=\"text-align: center; vertical-align: middle;\">\n<div><img loading=\"lazy\" decoding=\"async\" class=\" size-full wp-image-142\" src=\"https:\/\/www.buergerhaus-erfttal.de\/wp-content\/uploads\/2017\/04\/tanzcafe132016-8d3.jpg\" alt=\"tanzcafe132016\" width=\"390\" height=\"293\" srcset=\"https:\/\/www.buergerhaus-erfttal.de\/wp-content\/uploads\/2017\/04\/tanzcafe132016-8d3.jpg 461w, https:\/\/www.buergerhaus-erfttal.de\/wp-content\/uploads\/2017\/04\/tanzcafe132016-8d3-300x225.jpg 300w\" sizes=\"auto, (max-width: 390px) 100vw, 390px\" \/><\/div>\n<\/td>\n<td style=\"text-align: center; vertical-align: middle;\">\n<div>&nbsp;&nbsp;<\/div>\n<\/td>\n<td style=\"text-align: center; vertical-align: middle;\">\n<div><img loading=\"lazy\" decoding=\"async\" class=\" size-full wp-image-143\" src=\"https:\/\/www.buergerhaus-erfttal.de\/wp-content\/uploads\/2017\/04\/tanzcafe332016-89c.jpg\" alt=\"tanzcafe332016\" width=\"390\" height=\"294\" srcset=\"https:\/\/www.buergerhaus-erfttal.de\/wp-content\/uploads\/2017\/04\/tanzcafe332016-89c.jpg 461w, https:\/\/www.buergerhaus-erfttal.de\/wp-content\/uploads\/2017\/04\/tanzcafe332016-89c-300x225.jpg 300w\" sizes=\"auto, (max-width: 390px) 100vw, 390px\" \/><\/div>\n<\/td>\n<\/tr>\n<\/tbody>\n<\/table>\n","protected":false},"excerpt":{"rendered":"<p>Tanzcaf\u00e9 im B\u00fcrgerhaus Erfttal Geboten werden: Live Musik ein reichhaltiges Kuchen- B\u00fcffet, kalte und warme Getr\u00e4nke und vor allem ein netter Nachmittag in angenehmer Atmosph\u00e4re. (Buslinie 849 Erfttal) &#8211; siehe auch Wegbeschreibung&nbsp; &nbsp; &nbsp; &nbsp; &nbsp; &nbsp; &nbsp; &nbsp; &nbsp; &nbsp; &nbsp; &nbsp;&nbsp; &nbsp;&nbsp;<\/p>\n","protected":false},"author":1,"featured_media":140,"parent":0,"menu_order":7,"comment_status":"closed","ping_status":"closed","template":"","meta":{"footnotes":""},"class_list":["post-144","page","type-page","status-publish","has-post-thumbnail","hentry"],"_links":{"self":[{"href":"https:\/\/www.buergerhaus-erfttal.de\/index.php?rest_route=\/wp\/v2\/pages\/144","targetHints":{"allow":["GET"]}}],"collection":[{"href":"https:\/\/www.buergerhaus-erfttal.de\/index.php?rest_route=\/wp\/v2\/pages"}],"about":[{"href":"https:\/\/www.buergerhaus-erfttal.de\/index.php?rest_route=\/wp\/v2\/types\/page"}],"author":[{"embeddable":true,"href":"https:\/\/www.buergerhaus-erfttal.de\/index.php?rest_route=\/wp\/v2\/users\/1"}],"replies":[{"embeddable":true,"href":"https:\/\/www.buergerhaus-erfttal.de\/index.php?rest_route=%2Fwp%2Fv2%2Fcomments&post=144"}],"version-history":[{"count":0,"href":"https:\/\/www.buergerhaus-erfttal.de\/index.php?rest_route=\/wp\/v2\/pages\/144\/revisions"}],"wp:featuredmedia":[{"embeddable":true,"href":"https:\/\/www.buergerhaus-erfttal.de\/index.php?rest_route=\/wp\/v2\/media\/140"}],"wp:attachment":[{"href":"https:\/\/www.buergerhaus-erfttal.de\/index.php?rest_route=%2Fwp%2Fv2%2Fmedia&parent=144"}],"curies":[{"name":"wp","href":"https:\/\/api.w.org\/{rel}","templated":true}]}}