{"id":154,"date":"2019-12-21T17:06:44","date_gmt":"2019-12-21T17:06:44","guid":{"rendered":"https:\/\/www.buergerhaus-erfttal.de\/index.php\/wohnboerse-erfttal\/"},"modified":"2025-09-27T18:14:25","modified_gmt":"2025-09-27T18:14:25","slug":"wohnboerse-erfttal","status":"publish","type":"page","link":"https:\/\/www.buergerhaus-erfttal.de\/?page_id=154","title":{"rendered":"Wohnb\u00f6rse Erfttal"},"content":{"rendered":"<div class=\"wpb-content-wrapper\"><p>[vc_row][vc_column][vc_column_text css=&#8221;&#8221;]<span style=\"font-size: 14pt;\"><strong>Wohnung zu klein\/Wohnung zu gro\u00df oder keine Lust, im Alter alleine zu wohnen? Da haben wir vielleicht\u00a0 \u00b4was f\u00fcr Sie\u2026 <\/strong>\u00a0<\/span><\/p>\n<p><span style=\"color: #e24b4b;\"><strong><span style=\"font-size: 18pt;\">Die Erfttaler Wohnb\u00f6rse \u2013 unverbindlich und kostenlos!!!<\/span><\/strong><\/span><\/p>\n<p><strong><span style=\"font-size: 14pt;\">Anbieten, Suchen oder Tauschen \u2013 hier k\u00f6nnen Sie mit etwas Gl\u00fcck Ihr neues Zuhause finden\u2026<\/span><\/strong>[\/vc_column_text][\/vc_column][\/vc_row][vc_row][vc_column width=&#8221;2\/3&#8243;][vc_column_text css=&#8221;&#8221;]<\/p>\n<div>So geht\u00b4s:<\/div>\n<div>Speichern Sie f\u00fcr Ihr <a href=\"https:\/\/www.buergerhaus-erfttal.de\/wp-content\/uploads\/2019\/12\/Angebotsform-b46.pdf\" download=\"images\/Wohnboerse\/Angebotsform.pdf\">Angebot <\/a>oder Ihr <a href=\"https:\/\/www.buergerhaus-erfttal.de\/wp-content\/uploads\/2019\/12\/Gesuchsform-913.pdf\" download=\"https:\/\/www.buergerhaus-erfttal.de\/wp-content\/uploads\/2019\/12\/Gesuchsform-913.pdf\">Gesuch <\/a>das entsprechende Formular auf Ihrem PC.<\/div>\n<div>F\u00fcllen Sie das Formular aus und schicken Sie es uns per E-Mail an uns (buergerhaus-erfttal@skm-neuss.de) weiter.<\/div>\n<div>Falls Sie Ihrem Angebot ein oder zwei Fotos beif\u00fcgen m\u00f6chten, h\u00e4ngen Sie sie einfach an Ihre E-Mail ran.<\/div>\n<p>[\/vc_column_text][\/vc_column][vc_column width=&#8221;1\/3&#8243;][vc_column_text css=&#8221;&#8221;]<\/p>\n<td style=\"width: 11.5665%;\">\u00a0<a href=\"https:\/\/www.buergerhaus-erfttal.de\/wp-content\/uploads\/2019\/12\/Angebotsform-b46.pdf\" download=\"https:\/\/www.buergerhaus-erfttal.de\/wp-content\/uploads\/2019\/12\/Angebotsform-b46.pdf\"><img loading=\"lazy\" decoding=\"async\" src=\"https:\/\/www.buergerhaus-erfttal.de\/wp-content\/uploads\/2019\/12\/angeboticon-202.png\" alt=\"angeboticon\" width=\"120\" height=\"150\" \/><\/a><\/td>\n<p>[\/vc_column_text][vc_column_text css=&#8221;&#8221;]<\/p>\n<td style=\"width: 11.5665%;\">\u00a0<a href=\"https:\/\/www.buergerhaus-erfttal.de\/wp-content\/uploads\/2019\/12\/Gesuchsform-913.pdf\" download=\"images\/Wohnboerse\/Gesuchsform.pdf\"><img loading=\"lazy\" decoding=\"async\" src=\"https:\/\/www.buergerhaus-erfttal.de\/wp-content\/uploads\/2019\/12\/gesuchicon-246.png\" alt=\"gesuchicon\" width=\"120\" height=\"150\" \/><\/a><\/td>\n<p>[\/vc_column_text][\/vc_column][\/vc_row][vc_row][vc_column][vc_column_text css=&#8221;&#8221;]Wenn Sie Hilfe beim Ausf\u00fcllen des Formulars ben\u00f6tigen, bieten wir Ihnen gern unsere Hilfe an. Nehmen Sie daf\u00fcr bitte Kontakt mit uns auf.<\/p>\n<div><\/div>\n<div>Anschlie\u00dfend ver\u00f6ffentlichen wir Ihr Angebot oder Gesuch <span style=\"text-decoration: underline;\">ohne<\/span> Ihre Kontaktdaten in der Erfttaler Wohnb\u00f6rse auf unserer Homepage.<\/div>\n<div>Erst auf Anfrage von Interessent*innen und R\u00fccksprache mit Ihnen, geben wir Ihre Kontaktdaten (nur Mail und\/oder Telefon) weiter.<\/div>\n<div>\n<p>Ihren Namen und Ihre Anschrift geben wir <span style=\"text-decoration: underline;\">nicht<\/span> weiter.<\/p>\n<\/div>\n<div>\n<p>Alles Weitere vereinbaren Sie als Nutzer*innen untereinander. F\u00fcr ein erstes pers\u00f6nliches Kennenlernen bei eine Tasse Kaffee, k\u00f6nnen sich die Nutzer*innen auch gern hier im Bistro des B\u00fcrgerhauses treffen.<\/p>\n<\/div>\n<div>Unser Bistro hat die folgenden <strong>\u00d6ffnungszeiten<\/strong>: Mo. &#8211; Fr.: 9:00 &#8211; 14:00 Uhr, Di., Do.: 14:00 &#8211; 17:00 Uhr.<\/div>\n<div>Wenn Sie sich unsicher sind und unsere Teilnahme an dem Gespr\u00e4ch w\u00fcnschen, vereinbaren Sie bitte einen Termin mit uns.<\/div>\n<div><\/div>\n<table style=\"width: 600px; margin-left: auto; margin-right: auto;\">\n<tbody>\n<tr>\n<td style=\"width: 800px; text-align: center; vertical-align: middle;\">\n<h1><a href=\"https:\/\/www.buergerhaus-erfttal.de\/index.php\/wohnboerse-erfttal-angebote\/\"><img loading=\"lazy\" decoding=\"async\" src=\"https:\/\/www.buergerhaus-erfttal.de\/wp-content\/uploads\/2019\/12\/angebotefinden-bad.png\" alt=\"angebotefinden\" width=\"260\" height=\"100\" \/><\/a><\/h1>\n<\/td>\n<td style=\"width: 800px; text-align: center; vertical-align: middle;\">\n<h1 style=\"text-align: right;\"><a href=\"https:\/\/www.buergerhaus-erfttal.de\/index.php\/wohnboerse-erfttal-gesuche\/\"><img loading=\"lazy\" decoding=\"async\" style=\"display: block; margin-left: auto; margin-right: auto;\" src=\"https:\/\/www.buergerhaus-erfttal.de\/wp-content\/uploads\/2019\/12\/gesuchefinden-e5f.png\" alt=\"gesuchefinden\" width=\"260\" height=\"100\" \/><\/a><\/h1>\n<\/td>\n<\/tr>\n<\/tbody>\n<\/table>\n<p>[\/vc_column_text][\/vc_column][\/vc_row]<\/p>\n<\/div>","protected":false},"excerpt":{"rendered":"<p>[vc_row][vc_column][vc_column_text css=&#8221;&#8221;]Wohnung zu klein\/Wohnung zu gro\u00df oder keine Lust, im Alter alleine zu wohnen? Da haben wir vielleicht\u00a0 \u00b4was f\u00fcr Sie\u2026 \u00a0 Die Erfttaler Wohnb\u00f6rse \u2013 unverbindlich und kostenlos!!! Anbieten, Suchen oder Tauschen \u2013 hier k\u00f6nnen Sie mit etwas Gl\u00fcck Ihr neues Zuhause finden\u2026[\/vc_column_text][\/vc_column][\/vc_row][vc_row][vc_column width=&#8221;2\/3&#8243;][vc_column_text css=&#8221;&#8221;] So geht\u00b4s: Speichern Sie f\u00fcr Ihr Angebot oder Ihr [&hellip;]<\/p>\n","protected":false},"author":1,"featured_media":148,"parent":0,"menu_order":4,"comment_status":"closed","ping_status":"closed","template":"","meta":{"footnotes":""},"class_list":["post-154","page","type-page","status-publish","has-post-thumbnail","hentry"],"_links":{"self":[{"href":"https:\/\/www.buergerhaus-erfttal.de\/index.php?rest_route=\/wp\/v2\/pages\/154","targetHints":{"allow":["GET"]}}],"collection":[{"href":"https:\/\/www.buergerhaus-erfttal.de\/index.php?rest_route=\/wp\/v2\/pages"}],"about":[{"href":"https:\/\/www.buergerhaus-erfttal.de\/index.php?rest_route=\/wp\/v2\/types\/page"}],"author":[{"embeddable":true,"href":"https:\/\/www.buergerhaus-erfttal.de\/index.php?rest_route=\/wp\/v2\/users\/1"}],"replies":[{"embeddable":true,"href":"https:\/\/www.buergerhaus-erfttal.de\/index.php?rest_route=%2Fwp%2Fv2%2Fcomments&post=154"}],"version-history":[{"count":3,"href":"https:\/\/www.buergerhaus-erfttal.de\/index.php?rest_route=\/wp\/v2\/pages\/154\/revisions"}],"predecessor-version":[{"id":342,"href":"https:\/\/www.buergerhaus-erfttal.de\/index.php?rest_route=\/wp\/v2\/pages\/154\/revisions\/342"}],"wp:featuredmedia":[{"embeddable":true,"href":"https:\/\/www.buergerhaus-erfttal.de\/index.php?rest_route=\/wp\/v2\/media\/148"}],"wp:attachment":[{"href":"https:\/\/www.buergerhaus-erfttal.de\/index.php?rest_route=%2Fwp%2Fv2%2Fmedia&parent=154"}],"curies":[{"name":"wp","href":"https:\/\/api.w.org\/{rel}","templated":true}]}}