{"id":156,"date":"2019-12-21T17:29:34","date_gmt":"2019-12-21T17:29:34","guid":{"rendered":"https:\/\/www.buergerhaus-erfttal.de\/index.php\/wohnboerse-erfttal-angebote\/"},"modified":"2025-09-27T18:18:12","modified_gmt":"2025-09-27T18:18:12","slug":"wohnboerse-erfttal-angebote","status":"publish","type":"page","link":"https:\/\/www.buergerhaus-erfttal.de\/?page_id=156","title":{"rendered":"Wohnb\u00f6rse Erfttal &#8211; Angebote"},"content":{"rendered":"<div class=\"wpb-content-wrapper\"><p>[vc_row][vc_column width=&#8221;1\/2&#8243;][vc_column_text css=&#8221;&#8221;]<a class=\"jcepopup\" href=\"https:\/\/www.buergerhaus-erfttal.de\/wp-content\/uploads\/2019\/12\/angebot-10d.png\" data-mediabox=\"1\"><img loading=\"lazy\" decoding=\"async\" class=\"aligncenter\" src=\"https:\/\/www.buergerhaus-erfttal.de\/wp-content\/uploads\/2019\/12\/angebot-10d.png\" alt=\"angebot\" width=\"150\" height=\"101\" \/><\/a>[\/vc_column_text][vc_column_text css=&#8221;&#8221;]<\/p>\n<p style=\"text-align: center;\">(A025) Haus zur Miete<\/p>\n<p style=\"text-align: center;\">124m\u00b2 Wohnfl\u00e4che, 5 Zimmer<\/p>\n<p>[\/vc_column_text][\/vc_column][vc_column width=&#8221;1\/2&#8243;][vc_column_text css=&#8221;&#8221;]<strong>M\u00f6chten Sie ein Angebot inserieren?<\/strong><\/p>\n<div><u>So geht\u00b4s:<\/u><\/div>\n<div>Speichern Sie das <a href=\"https:\/\/www.buergerhaus-erfttal.de\/wp-content\/uploads\/2019\/12\/Angebotsform-b46.pdf\" download=\"https:\/\/www.buergerhaus-erfttal.de\/wp-content\/uploads\/2019\/12\/Angebotsform-b46.pdf\">Angebotsformular<\/a> auf Ihrem PC.<\/div>\n<div>F\u00fcllen Sie das Formular aus<\/div>\n<div>und schicken Sie es uns per E-Mail an uns.<\/div>\n<div>(<span id=\"cloak7c6ee8f9e91e1c65242fc86719935b5d\"><a href=\"mailto:buergerhaus-erfttal@skm-neuss.de\">buergerhaus-erfttal@skm-neuss.de<\/a><\/span>)<\/div>\n<div>Falls Sie Ihrem Angebot ein oder zwei Fotos beif\u00fcgen<\/div>\n<div>m\u00f6chten, h\u00e4ngen Sie sie einfach an Ihre E-Mail ran.<\/div>\n<p>[\/vc_column_text][\/vc_column][\/vc_row]<\/p>\n<\/div>","protected":false},"excerpt":{"rendered":"<p>[vc_row][vc_column width=&#8221;1\/2&#8243;][vc_column_text css=&#8221;&#8221;][\/vc_column_text][vc_column_text css=&#8221;&#8221;] (A025) Haus zur Miete 124m\u00b2 Wohnfl\u00e4che, 5 Zimmer [\/vc_column_text][\/vc_column][vc_column width=&#8221;1\/2&#8243;][vc_column_text css=&#8221;&#8221;]M\u00f6chten Sie ein Angebot inserieren? So geht\u00b4s: Speichern Sie das Angebotsformular auf Ihrem PC. F\u00fcllen Sie das Formular aus und schicken Sie es uns per E-Mail an uns. (buergerhaus-erfttal@skm-neuss.de) Falls Sie Ihrem Angebot ein oder zwei Fotos beif\u00fcgen m\u00f6chten, h\u00e4ngen Sie [&hellip;]<\/p>\n","protected":false},"author":1,"featured_media":155,"parent":0,"menu_order":3,"comment_status":"closed","ping_status":"closed","template":"","meta":{"footnotes":""},"class_list":["post-156","page","type-page","status-publish","has-post-thumbnail","hentry"],"_links":{"self":[{"href":"https:\/\/www.buergerhaus-erfttal.de\/index.php?rest_route=\/wp\/v2\/pages\/156","targetHints":{"allow":["GET"]}}],"collection":[{"href":"https:\/\/www.buergerhaus-erfttal.de\/index.php?rest_route=\/wp\/v2\/pages"}],"about":[{"href":"https:\/\/www.buergerhaus-erfttal.de\/index.php?rest_route=\/wp\/v2\/types\/page"}],"author":[{"embeddable":true,"href":"https:\/\/www.buergerhaus-erfttal.de\/index.php?rest_route=\/wp\/v2\/users\/1"}],"replies":[{"embeddable":true,"href":"https:\/\/www.buergerhaus-erfttal.de\/index.php?rest_route=%2Fwp%2Fv2%2Fcomments&post=156"}],"version-history":[{"count":3,"href":"https:\/\/www.buergerhaus-erfttal.de\/index.php?rest_route=\/wp\/v2\/pages\/156\/revisions"}],"predecessor-version":[{"id":345,"href":"https:\/\/www.buergerhaus-erfttal.de\/index.php?rest_route=\/wp\/v2\/pages\/156\/revisions\/345"}],"wp:featuredmedia":[{"embeddable":true,"href":"https:\/\/www.buergerhaus-erfttal.de\/index.php?rest_route=\/wp\/v2\/media\/155"}],"wp:attachment":[{"href":"https:\/\/www.buergerhaus-erfttal.de\/index.php?rest_route=%2Fwp%2Fv2%2Fmedia&parent=156"}],"curies":[{"name":"wp","href":"https:\/\/api.w.org\/{rel}","templated":true}]}}