{"id":37,"date":"2016-12-23T14:07:32","date_gmt":"2016-12-23T14:07:32","guid":{"rendered":"https:\/\/www.buergerhaus-erfttal.de\/index.php\/netzwerk-erfttal\/"},"modified":"2016-12-23T14:07:32","modified_gmt":"2016-12-23T14:07:32","slug":"netzwerk-erfttal","status":"publish","type":"page","link":"https:\/\/www.buergerhaus-erfttal.de\/?page_id=37","title":{"rendered":"Netzwerk Erfttal"},"content":{"rendered":"<p><img loading=\"lazy\" decoding=\"async\" class=\" size-full wp-image-36\" style=\"display: block; margin-left: auto; margin-right: auto;\" src=\"https:\/\/www.buergerhaus-erfttal.de\/wp-content\/uploads\/2016\/12\/netzwerk-a98.png\" alt=\"\" width=\"735\" height=\"521\" srcset=\"https:\/\/www.buergerhaus-erfttal.de\/wp-content\/uploads\/2016\/12\/netzwerk-a98.png 735w, https:\/\/www.buergerhaus-erfttal.de\/wp-content\/uploads\/2016\/12\/netzwerk-a98-300x213.png 300w\" sizes=\"auto, (max-width: 735px) 100vw, 735px\" \/><\/p>\n<p><b><span style=\"font-family: Arial,Helvetica,Geneva,Swiss,SunSans-Regular;\">aus der Stadtteilzeitung 2\/2010<a name=\"Anchor-aus der Stadtte-1651\"><\/a><\/span><\/b><\/p>\n<p><span style=\"font-family: Arial,Helvetica,Geneva,Swiss,SunSans-Regular;\"><b>Netzwerk Erfttal &#8211; Rotstift &#8211; Nein Danke !!! <\/b><\/span><\/p>\n<p style=\"text-align: justify;\"><span style=\"font-family: Arial,Helvetica,Geneva,Swiss,SunSans-Regular;\">Mit diesem Aufruf hatte sich das Netzwerk Erfttal im vergangenen Dezember an Sie, die Bewohner des Stadtteils, gerichtet, um mit Ihrer Unterschrift unsere Protestaktionen gegen die geplanten K\u00fcrzungen des Sozialetats der Stadt Neuss zu protestieren. Am Ende waren es fast 1.000 Unterschriften, die wir von Ihnen sammeln konnten. <\/span><span style=\"font-family: Arial,Helvetica,Geneva,Swiss,SunSans-Regular;\">Hierf\u00fcr m\u00f6chten wir Ihnen, die damit die Arbeit des Netzwerkes Erfttal gew\u00fcrdigt und unterst\u00fctzt haben, ganz ausdr\u00fccklich danken!<br \/> <\/span><span style=\"font-family: Arial,Helvetica,Geneva,Swiss,SunSans-Regular;\">Eintausend Unterschriften &#8211; eine respektable Leistung, wie auch der Vorsitzende des Jugendhilfeausschusses (JHA), Thomas Nickel, fand. Die \u00dcbergabe der Unterschriften durch Maria Peters, Carima El Khattouti und Ingrid Steinfurth als Bewohnervertreterinnen vor der JHA Sitzung am 27.01.2010 quittierte Herr Nickel mit anerkennendem Erstaunen. Ein Wohlwollen, das letztlich nicht viel half. Denn obwohl die Politiker aller im Rat vertretenen Parteien sich von den vorgeschlagenen K\u00fcrzungen im Haushaltsentwurf der Stadtverwaltung deutlich distanzierten, wurde am Ende ein K\u00fcrzungspaket \u201ein Raten\u201c verabschiedet. Was sich im JHA bereits angek\u00fcndigt hatte, dort aber noch auf Widerstand, u. a. von den Vertretern der Wohlfahrtsverb\u00e4nde, stie\u00df, wurde im Finanzausschuss mit den Stimmen der Mehrheitsfraktionen schlie\u00dflich abgesegnet.F\u00fcr das laufende Haushaltsjahr werden 50.000,- \u20ac aus dem Sozialetat gestrichen. In den kommenden 2 Jahren sehen die K\u00fcrzungspl\u00e4ne weitere Einschnitte in H\u00f6he von 100.000,- \u20ac in 2011 und sogar 150.000,- \u20ac f\u00fcr 2012 vor, also insgesamt 300.000,- \u20ac.<br \/> <\/span><span style=\"font-family: Arial,Helvetica,Geneva,Swiss,SunSans-Regular;\">Auch wenn dies nur ein Teil der urspr\u00fcnglich geplanten 1,4 Mio. \u20ac ist, muss bef\u00fcrchtet werden, dass einige T\u00fcren sich mittelfristig dennoch schlie\u00dfen werden und dort, wo Hilfe dringend ben\u00f6tigt wird, die Menschen vor diesen verschlossenen T\u00fcren allein gelassen werden. Stellt die Salamitaktik des K\u00fcrzens wom\u00f6glich den Versuch dar, die Betroffenen angesichts moderater 50.000,- \u20ac anf\u00e4ngliche K\u00fcrzung vor\u00fcbergehend ruhig zu stellen?<br \/> Der Status Quo der jetzigen Angebotsstruktur im Stadtteil muss mindestens erhalten bleiben. Erfttal ben\u00f6tigt alle bestehenden Kr\u00e4fte und Anstrengungen, um auch in Zukunft mit seinen besonderen Herausforderungen fertig zu werden.<br \/> <\/span><span style=\"font-family: Arial,Helvetica,Geneva,Swiss,SunSans-Regular;\">zu werden. Erfttal hat durch die enge Vernetzung in den vergangenen Jahren wichtige Fortschritte in der Versorgung und Betreuung seiner Bewohnerschaft ge-macht. Durch die enge Zu-sammenarbeit im Netzwerk Erfttal gelingt es, wichtige und zukunftsorientierte Projekte in den Stadtteil zu holen und damit eng an dem Bedarf der Bewohner entlang zu arbeiten und weitere Probleme vorbeugend abzuwenden.<br \/> <\/span><\/p>\n<p style=\"text-align: justify;\"><span style=\"font-family: Arial,Helvetica,Geneva,Swiss,SunSans-Regular;\">Sowohl in der F\u00f6rderung und Betreuung von Kindern, etwa ihrer gesundheitlichen Versorgung oder in ihrer Sprachentwicklung, <\/span><span style=\"font-family: Arial,Helvetica,Geneva,Swiss,SunSans-Regular;\">wie auch bei Ma\u00dfnahmen der sozialen und beruflichen Integration Erwachsener und Migranten, <\/span><span style=\"font-family: Arial,Helvetica,Geneva,Swiss,SunSans-Regular;\">profitieren wir im Stadtteil Erfttal von einem engmaschigen Netzwerk, in dem alle Einrichtungen und Tr\u00e4ger durch ihre jeweiligen St\u00e4rken tragende Funktionen \u00fcbernehmen.<\/span><\/p>\n<p>\u00a0<\/p>\n<p><span style=\"font-family: Arial,Helvetica,Geneva,Swiss,SunSans-Regular;\"><b>aus der Stadtteilzeitung 1 \/2010<a name=\"Stadtteilzeitung1\/2010\"><\/a><\/b><\/span><\/p>\n<p><span style=\"font-family: Arial,Helvetica,Geneva,Swiss,SunSans-Regular;\"><b>Netzwerkarbeit wird in Erfttal GROSS geschrieben!<\/b><br \/> <\/span><\/p>\n<p style=\"text-align: justify;\"><span style=\"font-family: Arial,Helvetica,Geneva,Swiss,SunSans-Regular;\">Unser Stadtteil wird in der Presse leider h\u00e4ufig mit Negativ- Schlagzeilen bedacht. So konnte <\/span><span style=\"font-family: Arial,Helvetica,Geneva,Swiss,SunSans-Regular;\">man erst k\u00fcrzlich lesen, dass es in Erfttal angeblich sogar an Brot und Butter mangelt. Schade, <\/span><span style=\"font-family: Arial,Helvetica,Geneva,Swiss,SunSans-Regular;\">denn allzu selten wird davon berichtet, wie es in Erfttal wirklich zu geht, dass es Positives gibt <\/span><span style=\"font-family: Arial,Helvetica,Geneva,Swiss,SunSans-Regular;\">und der Stadtteil besser ist als sein Ruf. Zu benennen ist beispielsweise das seit \u00fcber 30 <\/span><span style=\"font-family: Arial,Helvetica,Geneva,Swiss,SunSans-Regular;\">Jahren bestehende Netzwerk Erfttal ein Zusammenschluss von Bewohnern, den Kirchengemeinden, der Schule und den Kindertagesst\u00e4tten, den Vereinen und allen anderen <\/span><span style=\"font-family: Arial,Helvetica,Geneva,Swiss,SunSans-Regular;\">Diensten und Einrichtungen. Sie alle haben es sich zur gemeinsamen Aufgabe gemacht, die Entwicklung des Stadtteils und die Lebensbedingungen seiner Bewohnerschaft positiv zu <\/span><span style=\"font-family: Arial,Helvetica,Geneva,Swiss,SunSans-Regular;\">gestalten.<\/span><\/p>\n<p style=\"text-align: justify;\"><span style=\"font-family: Arial,Helvetica,Geneva,Swiss,SunSans-Regular;\"><br \/> <\/span><span style=\"font-family: Arial,Helvetica,Geneva,Swiss,SunSans-Regular;\">Die Akteure beteiligten sich aktiv auf unterschiedlichsten Ebenen:<br \/> <\/span><\/p>\n<p><span style=\"font-family: Arial,Helvetica,Geneva,Swiss,SunSans-Regular;\">\u00b7 im Gespr\u00e4ch auf der Stra\u00dfe,<br \/> <\/span><span style=\"font-family: Arial,Helvetica,Geneva,Swiss,SunSans-Regular;\">\u00b7 im Elternkontakt,<br \/> <\/span><span style=\"font-family: Arial,Helvetica,Geneva,Swiss,SunSans-Regular;\">\u00b7 im Beratungsgespr\u00e4ch,<br \/> <\/span><span style=\"font-family: Arial,Helvetica,Geneva,Swiss,SunSans-Regular;\">\u00b7 im kollegialen Austausch,<br \/> <\/span><span style=\"font-family: Arial,Helvetica,Geneva,Swiss,SunSans-Regular;\">\u00b7 in verschiedenen Arbeitsgruppen und Facharbeitskreisen,<br \/> <\/span><span style=\"font-family: Arial,Helvetica,Geneva,Swiss,SunSans-Regular;\">\u00b7 bis hin zu den beiden zentralen Foren &#8211;<br \/> <\/span><span style=\"font-family: Arial,Helvetica,Geneva,Swiss,SunSans-Regular;\">\u00b7 der Tr\u00e4gerkonferenz und<br \/> <\/span><span style=\"font-family: Arial,Helvetica,Geneva,Swiss,SunSans-Regular;\">\u00b7 der Stadtteilkonferenz<br \/> <\/span><\/p>\n<p style=\"text-align: justify;\"><span style=\"font-family: Arial,Helvetica,Geneva,Swiss,SunSans-Regular;\">Seit Anbeginn des Stadtteils trifft sich die Tr\u00e4gerkonferenz, als Zusammenschluss der in <\/span><span style=\"font-family: Arial,Helvetica,Geneva,Swiss,SunSans-Regular;\">Erfttal ans\u00e4ssigen Einrichtungen und Tr\u00e4ger, zu regelm\u00e4\u00dfigen Gespr\u00e4chen, zur Er\u00f6rterung <\/span><span style=\"font-family: Arial,Helvetica,Geneva,Swiss,SunSans-Regular;\">und Vorbereitung notwendiger Entwicklungen und Ver\u00e4nderungen. In gr\u00f6\u00dferer Runde, der Stadtteilkonferenz, werden die Themen mit weiteren Vertretern der Bewohnerschaft und der Sozialverb\u00e4nde vertieft. Individuelle Sichtweisen <\/span><span style=\"font-family: Arial,Helvetica,Geneva,Swiss,SunSans-Regular;\">bringen so weitere Aspekte hinzu und bereichern die Diskussion. <\/span>I<span style=\"font-family: Arial,Helvetica,Geneva,Swiss,SunSans-Regular;\">m B\u00fcrgerhaus Erfttal des SKM Neuss e.V. laufen die \u201eF\u00e4den\u201c des Netzwerkes zusammen. <\/span><span style=\"font-family: Arial,Helvetica,Geneva,Swiss,SunSans-Regular;\">Die Gemeinwesenarbeit des B\u00fcrgerhauses \u00fcbernimmt es, hierf\u00fcr Themen fr\u00fchzeitig <\/span><span style=\"font-family: Arial,Helvetica,Geneva,Swiss,SunSans-Regular;\">aufzugreifen und die Gespr\u00e4che hierzu zu moderieren. Sie initiiert und organisiert Anl\u00e4sse <\/span><span style=\"font-family: Arial,Helvetica,Geneva,Swiss,SunSans-Regular;\">und Gelegenheiten der Begegnung und des Austausches f\u00fcr die Akteure und h\u00e4lt wichtige Kooperationslinien zu Partnern aus Rat und Stadtverwaltung. <\/span><span style=\"font-family: Arial,Helvetica,Geneva,Swiss,SunSans-Regular;\">Nicht zuletzt durch seine Geschlossenheit als Netzwerk konnte sich Erfttal in den vergange<\/span><span style=\"font-family: Arial,Helvetica,Geneva,Swiss,SunSans-Regular;\">nen Jahren einheitlich und entschieden pr\u00e4sentieren; konnte glaubw\u00fcrdig und kompetent f\u00fcr notwendige Neuerungen Partner und F\u00fcrsprecher gewinnen.<br \/> <\/span><\/p>\n<p><span style=\"font-family: Arial,Helvetica,Geneva,Swiss,SunSans-Regular;\">Paul Petersen, B\u00fcrgerhaus Erfttal<\/span><\/p>\n<p>\u00a0<\/p>\n","protected":false},"excerpt":{"rendered":"<p>aus der Stadtteilzeitung 2\/2010 Netzwerk Erfttal &#8211; Rotstift &#8211; Nein Danke !!! Mit diesem Aufruf hatte sich das Netzwerk Erfttal im vergangenen Dezember an Sie, die Bewohner des Stadtteils, gerichtet, um mit Ihrer Unterschrift unsere Protestaktionen gegen die geplanten K\u00fcrzungen des Sozialetats der Stadt Neuss zu protestieren. Am Ende waren es fast 1.000 Unterschriften, die [&hellip;]<\/p>\n","protected":false},"author":1,"featured_media":36,"parent":0,"menu_order":32,"comment_status":"closed","ping_status":"closed","template":"","meta":{"footnotes":""},"class_list":["post-37","page","type-page","status-publish","has-post-thumbnail","hentry"],"_links":{"self":[{"href":"https:\/\/www.buergerhaus-erfttal.de\/index.php?rest_route=\/wp\/v2\/pages\/37","targetHints":{"allow":["GET"]}}],"collection":[{"href":"https:\/\/www.buergerhaus-erfttal.de\/index.php?rest_route=\/wp\/v2\/pages"}],"about":[{"href":"https:\/\/www.buergerhaus-erfttal.de\/index.php?rest_route=\/wp\/v2\/types\/page"}],"author":[{"embeddable":true,"href":"https:\/\/www.buergerhaus-erfttal.de\/index.php?rest_route=\/wp\/v2\/users\/1"}],"replies":[{"embeddable":true,"href":"https:\/\/www.buergerhaus-erfttal.de\/index.php?rest_route=%2Fwp%2Fv2%2Fcomments&post=37"}],"version-history":[{"count":0,"href":"https:\/\/www.buergerhaus-erfttal.de\/index.php?rest_route=\/wp\/v2\/pages\/37\/revisions"}],"wp:featuredmedia":[{"embeddable":true,"href":"https:\/\/www.buergerhaus-erfttal.de\/index.php?rest_route=\/wp\/v2\/media\/36"}],"wp:attachment":[{"href":"https:\/\/www.buergerhaus-erfttal.de\/index.php?rest_route=%2Fwp%2Fv2%2Fmedia&parent=37"}],"curies":[{"name":"wp","href":"https:\/\/api.w.org\/{rel}","templated":true}]}}