{"id":423,"date":"2025-10-10T09:22:22","date_gmt":"2025-10-10T09:22:22","guid":{"rendered":"https:\/\/www.buergerhaus-erfttal.de\/?page_id=423"},"modified":"2025-10-10T12:31:32","modified_gmt":"2025-10-10T12:31:32","slug":"uebersicht","status":"publish","type":"page","link":"https:\/\/www.buergerhaus-erfttal.de\/?page_id=423","title":{"rendered":"\u00dcbersicht"},"content":{"rendered":"<div class=\"wpb-content-wrapper\"><p>[vc_row][vc_column][vc_column_text css=&#8221;&#8221;]<strong>Der SKM Neuss e.V.<\/strong> leistet seit 1971 mit Bestehen der ersten Wohnanlagen Gemeinwe- senarbeit (GWA) in und f\u00fcr Erfttal. Im Zuge des 2001 initiierten Stadtteilerneuerungsprozesses wurde der Fachbereich GWA um die Aufgaben des Stadtteilmanagements erweitert, um sich st\u00e4rker an einer sozialr\u00e4umlichen Orientierung auszurichten.<\/p>\n<p>2005 erfolgte nach einem Umbau der Einzug in das neue B\u00fcrgerhaus Erfttal auf der Bedburger Str. 61.<\/p>\n<p>Die heutige Gemeinwesenarbeit realisiert mit dem erweiterten Raumangebot vielf\u00e4ltige Projekte sowie bedarfsgerechte Hilfen durch Beratungs-, Gruppen- und Kursangebote.<\/p>\n<p><strong>Insgesamt umfasst die Gemeinwesenarbeit in Erfttal acht Handlungsfelder, die die zukunfts- orientierte Fortentwicklung des Stadtteils und seiner Bewohnerschaft unterst\u00fctzen.<\/strong>[\/vc_column_text][\/vc_column][\/vc_row][vc_row][vc_column width=&#8221;1\/2&#8243;][vc_column_text css=&#8221;&#8221;]<u><strong><span style=\"font-size: 14pt;\">Mitarbeiter*innen\/Aufgaben\/Projekte:<\/span><\/strong><\/u><\/p>\n<p><strong><span style=\"color: #ff0000;\">Infotheke\/Empfang<\/span><\/strong><br \/>\nWerner Kloth<\/p>\n<p><strong><span style=\"color: #ff0000;\">Gemeinwesenarbeit\/Stadtteilmanagement<\/span><\/strong><br \/>\nPaul Petersen, Dipl. Sozialp\u00e4dagoge<br \/>\n(Fachbereichsleiter)<br \/>\nUlrike Marquardt, Dipl. P\u00e4dagogin<\/p>\n<p><strong><span style=\"color: #ff0000;\"><br \/>\nBerufliche Integration<\/span><\/strong><\/p>\n<ul>\n<li><u>Mittagstisch<\/u><br \/>\nSusi M\u00fcnzberger, Anleiterin<br \/>\nzus\u00e4tzl. 4 AGH-Kr\u00e4fte<\/li>\n<li><u>Aktivcenter Alleinerziehende<\/u><br \/>\n(Bereich Pflege mit 8 TN-Pl\u00e4tzen)<br \/>\nElena Bauer, Dipl. Soz. P\u00e4dagogin<br \/>\nSarah Bambeck, Fachanleiterin<br \/>\nUte de Haas, Fachanleiterin<br \/>\nChristian Wiesenh\u00f6fer, Bewerbungstraining<\/li>\n<\/ul>\n<p><strong><span style=\"color: #ff0000;\"><br \/>\nAltersgerechte Quartierhilfen<\/span><\/strong><\/p>\n<ul>\n<li><u>Leben in Gemeinschaft (Betreutes Wohnen)<\/u><br \/>\nSandra J\u00fcsten, Pflegefachkraft<br \/>\nUlrike Marquardt, Dipl. P\u00e4dagogin<br \/>\nSarah Bambeck, Gesundheits- u.<br \/>\nKrankenpflegerin<\/li>\n<li><u>Lotsenpunkt (Altersgerechte Hilfen)<\/u><br \/>\nUlrike Marquardt, Dipl. P\u00e4dagogin<br \/>\n12k\u00f6pfiges Ehrenamtler-Team<br \/>\n(Kooperation mit Stadt Neuss)<\/li>\n<\/ul>\n<p><strong><span style=\"color: #ff0000;\"><br \/>\nIntegration<\/span><\/strong><\/p>\n<ul>\n<li><u>Integration praktisch<\/u><br \/>\nSylwia Megger<\/li>\n<li><u>Cafe International (Frauen-Treff)<\/u><br \/>\nRima Janoud &amp; Nesrin Alali<\/li>\n<\/ul>\n<p><strong><span style=\"color: #ff0000;\"><br \/>\nHaustechnik<\/span><\/strong><br \/>\nMarek Prawucki &amp; Dirk Mohr<\/p>\n<p><strong><span style=\"color: #ff0000;\">Raumpflege<\/span><\/strong><br \/>\nShadan Ghafoor &amp; Nadire Kosumi[\/vc_column_text][vc_column_text css=&#8221;&#8221;]<span style=\"color: #ff0000;\"><u><strong><span style=\"font-size: 14pt;\">Fachbereiche des SKM Neuss e.V.<\/span><\/strong><\/u><\/span><\/p>\n<ul>\n<li><strong>Gesetzliche Betreuungen (BtG)<\/strong><\/li>\n<li><strong>Schuldner- und Insolvenzberatung<\/strong><\/li>\n<li><strong>Beratungsstelle f\u00fcr Kinder-, Jugend und<\/strong><\/li>\n<li><strong>Familienhilfe<\/strong><\/li>\n<li><strong>Vormundschaften\/Pflegschaften<\/strong><\/li>\n<li><strong>Beratung f\u00fcr M\u00e4nner<\/strong><\/li>\n<li><strong>Gesch\u00e4ftsf\u00fchrung\/Verwaltung<br \/>\n<\/strong>Hammer Landstra\u00dfe 5<br \/>\n41460 Neuss<br \/>\nFon: 02131 9248-0<br \/>\nE-mail: info@skm-neuss.de<br \/>\nHomepage: www.skm-neuss.de<\/li>\n<li><strong>B\u00fcrgerhaus Erfttal<br \/>\n<\/strong><span style=\"text-decoration: underline;\">Gemeinwesenarbeit \/Stadtteilmanagement<\/span><br \/>\n<strong>mit Lotsenpunkt<\/strong><br \/>\nBedburger Str. 61<br \/>\n41469 Neuss<br \/>\nFon: 02131 101776<strong><br \/>\n<\/strong><\/li>\n<li><strong>Kontakt Erfttal<br \/>\n<\/strong><span style=\"text-decoration: underline;\">Kinder- und Jugendfreizeiteinrichtung<\/span><br \/>\nBedburger Str. 57<br \/>\n41469 Neuss<br \/>\nFon: 02131 166800<strong><br \/>\n<\/strong><\/li>\n<li><strong>Streetwork Erfttal<br \/>\n<\/strong>Kirmesplatz Erfttal<br \/>\n41469 Neuss<br \/>\nFon: 0172 5899 -444 \/ -777<strong><br \/>\n<\/strong><\/li>\n<li><strong>Haus Derikum<br \/>\n<\/strong><span style=\"text-decoration: underline;\">Kinder- u. Jugendfreizeiteinrichtung \/ Gemeinwesenarbeit<\/span><br \/>\nRuhrstra\u00dfe 45<br \/>\n41469 Neuss<br \/>\nFon: 02137 4920<strong><br \/>\n<\/strong><\/li>\n<\/ul>\n<p>[\/vc_column_text][\/vc_column][vc_column width=&#8221;1\/2&#8243;][vc_column_text css=&#8221;&#8221;]<u><strong><span style=\"font-size: 14pt;\">Handlungsfelder<\/span><\/strong><\/u><\/p>\n<p><span style=\"color: #ff0000;\"><span style=\"text-decoration: underline;\"><strong>1. <\/strong><strong>Gemeinwesenarbeit\/Stadtteilmanagement<\/strong><\/span><\/span><br \/>\n<strong>Koordination\/Organisation\/Moderation<\/strong><br \/>\n<strong>\u00a0sozialplanerischer Stadtteilentwicklungs-<\/strong><br \/>\n<strong>prozesse im \u201eNetzwerk Erfttal\u201c<\/strong><\/p>\n<ul>\n<li><strong>Leitung der Stadtteilkonferenz Erfttal<\/strong><br \/>\nmit Bewohnerschaft, Tr\u00e4gern, Einrichtungen, Kirchen Vereinen, Jugendamt<\/li>\n<li><strong>Kontaktstelle<\/strong> f\u00fcr Nachbarschaften, Vereine, Gewerbe\/Handel<\/li>\n<li><strong>Vermittlung<\/strong> zwischen Interessengruppen<\/li>\n<li><strong>Schnittstelle<\/strong> zu \u00c4mtern der Stadtverwaltung<\/li>\n<li><strong>Leitung von Stadtteil-Arbeitskreisen<\/strong><br \/>\n&#8211; \u201eKinder in Erfttal\u201c<br \/>\n&#8211; Lokale \u00d6konomie<br \/>\n&#8211; Streetwork &amp; Sicherheit<\/li>\n<li><strong>Teilnahme an gesamtst\u00e4dtischen Arbeitskreisen:<\/strong><br \/>\n&#8211; AK GWA Neuss<br \/>\n&#8211; FAG IV \u201eso fr\u00fch\u201c<br \/>\n&#8211; AK Integration in NeussIntegration\/Nachbarschaft<\/li>\n<\/ul>\n<p><span style=\"color: #ff0000;\"><span style=\"text-decoration: underline;\"><strong><br \/>\n2. Integration\/Nachbarschaft<\/strong><\/span><\/span><\/p>\n<ul>\n<li><strong>Nachbarschaftstreff an unsrer Bistro-Theke<\/strong><\/li>\n<li><strong>Caf\u00e9 International (Frauen-Treff)<\/strong><\/li>\n<li><strong>Integration praktisch<\/strong><\/li>\n<li><strong>Nachbarschaftsfeste in den Wohnanlagen<\/strong><\/li>\n<\/ul>\n<p><span style=\"text-decoration: underline; color: #ff0000;\"><strong><br \/>\n3. Information\/Beratung<\/strong><\/span><\/p>\n<ul>\n<li><strong>Anlaufberatung<\/strong>: Ersthilfen &amp; Vermittlung (SKM)<\/li>\n<li><strong>Jugend- u. Familienhilfedienst<\/strong> (ASD\/Jugendamt)<\/li>\n<li><strong>Erziehungsberatung<\/strong> (Jugendamt Stadt NE)<\/li>\n<li><strong>Schuldner- und Insolvenzberatung<\/strong> (n. Bedarf, SKM)<\/li>\n<li><strong>Lotsenpunkt<\/strong>, Altersgerechte Hilfe (SKM\/Stadt NE)<\/li>\n<li><strong>Rechtsberatung<\/strong> (Herr RA Blinken, Ehrenamt)<\/li>\n<li><strong>Jugendmigrationsdienst<\/strong> (nach Bedarf, IB)<\/li>\n<li><strong>Gespr\u00e4chskreis Suchtselbsthilfegruppe<\/strong><\/li>\n<li><strong>Info-Veranstaltungen<\/strong> (div.)<\/li>\n<\/ul>\n<p><strong><span style=\"text-decoration: underline; color: #ff0000;\"><br \/>\n4<\/span><\/strong><span style=\"text-decoration: underline; color: #ff0000;\"><strong>. Familie\/Freizeit<\/strong><\/span><\/p>\n<ul>\n<li><strong>Familien-Tagesausfl\u00fcge<\/strong> (Ferien-Spa\u00df-Neuss)<\/li>\n<li><strong>Kreativtreff<\/strong> (M. Peters)<\/li>\n<li><strong>Quiz mit Biss<\/strong> (SKM)<\/li>\n<li><strong>Int. Frauen-Kochgruppe<\/strong> (S. Otter-Schulte)<\/li>\n<li><strong>Treff am Freitag<\/strong> (Freundeskreis)<\/li>\n<li><strong>Tr\u00f6delmarkt<\/strong> (S. Otter-Schulte\/U. Pohl)<\/li>\n<\/ul>\n<p><span style=\"text-decoration: underline; color: #ff0000;\"><strong><br \/>\n5. Senioren<\/strong><\/span><\/p>\n<ul>\n<li><strong>Mittagstisch<\/strong><\/li>\n<li><strong>Seniorennachmittag<\/strong> (E. K\u00fchl)<\/li>\n<li><strong>Skat-Nachmittag<\/strong> (L. Hinz)<\/li>\n<li><strong>Senioren-Tanzcaf\u00e9<\/strong> (5k\u00f6pfiges Ehrenamtteam)<\/li>\n<li><strong>Leben in Gemeinschaft<\/strong> (Betreutes Wohnen, Koop. mit der Neusser Bauverein AG)<\/li>\n<li><strong>Lotsenpunkt, <\/strong>Altersgerechte Hilfe (SKM\/Stadt NE)<\/li>\n<li><strong>Info-Veranstaltungen <\/strong>zu den Themen: Wohnen, Gesundheit, Ern\u00e4hrung, Pflege und Sicherheit<\/li>\n<\/ul>\n<p><span style=\"text-decoration: underline;\"><strong><span style=\"color: #ff0000; text-decoration: underline;\"><br \/>\n6. Aktivierung &amp; Berufliche Eingliederung<\/span><\/strong><\/span><\/p>\n<ul>\n<li><strong>Mittagstisch und Cafeteria-Angebote<\/strong><br \/>\nBesch\u00e4ftigungsprojekt mit 4 AGH-Pl\u00e4tzen<\/li>\n<li><strong>Aktivcenter Alleinerziehende<\/strong><br \/>\nBerufliche Aktivierung\/Eingliederung Bereich Pflege, 8 TN-Pl\u00e4tze (i. Auftrag des JC-RKN)<\/li>\n<\/ul>\n<p><span style=\"text-decoration: underline;\"><strong><span style=\"color: #ff0000; text-decoration: underline;\"><br \/>\n7. Weiterbildung in Kursen und Gruppen<\/span><\/strong><\/span><\/p>\n<ul>\n<li><strong>Integration praktisch<\/strong> (SKM)<\/li>\n<li><strong>Seidenmalerei<\/strong> (Frau Kauertz)<\/li>\n<li><strong>R\u00fccken- und Wirbels\u00e4ulengymnastik<\/strong> (DRK)<\/li>\n<li><strong>Ausgleichsgymnastik f. Frauen<\/strong> (H. Hillen)<\/li>\n<\/ul>\n<p><span style=\"text-decoration: underline;\"><strong><span style=\"color: #ff0000; text-decoration: underline;\"><br \/>\n8. Dienstleistungen<\/span><\/strong><\/span><\/p>\n<ul>\n<li><strong>Info-Theke: Kopieren, Faxen, Briefmarken<\/strong><\/li>\n<li><strong>Raumvermietung f\u00fcr Familienfeiern<\/strong><\/li>\n<li><strong>Stadtteilzeitung \u201eErfttal aktuell\u201c<\/strong> (Auflage: 2.200)<\/li>\n<li><strong>Tr\u00f6delmarkt mit Cafeteria<\/strong><\/li>\n<\/ul>\n<p>[\/vc_column_text][\/vc_column][\/vc_row][vc_row][vc_column width=&#8221;1\/6&#8243;][\/vc_column][vc_column width=&#8221;2\/3&#8243;][vc_column_text css=&#8221;&#8221;]<\/p>\n<p style=\"text-align: center;\"><span style=\"text-decoration: underline;\"><span style=\"font-size: 14pt;\"><strong>So kommen Sie zu uns:<\/strong><\/span><\/span><br \/>\n<span style=\"text-decoration: underline;\"><span style=\"font-size: 14pt;\"><strong>Mit dem Auto<\/strong><\/span><\/span><\/p>\n<p>[\/vc_column_text][vc_single_image image=&#8221;428&#8243; img_size=&#8221;medium&#8221; alignment=&#8221;center&#8221; css=&#8221;&#8221;][vc_column_text css=&#8221;&#8221;]<\/p>\n<p style=\"text-align: center;\"><span style=\"text-decoration: underline;\"><span style=\"font-size: 14pt;\"><strong>Mit dem Bus<\/strong><\/span><\/span><\/p>\n<p style=\"text-align: center;\"><span style=\"font-size: 14pt;\">Das B\u00fcrgerhaus Erfttal erreichen Sie bequem mit der Buslinie 849 (Richtung Erfttal)<br \/>\nAusstieg: Haltestelle Lechenicher Stra\u00dfe.<br \/>\nVon dort ca. 50 m zur\u00fccklaufen bis Bedburger Stra\u00dfe.<\/span><\/p>\n<p>[\/vc_column_text][\/vc_column][vc_column width=&#8221;1\/6&#8243;][\/vc_column][\/vc_row]<\/p>\n<\/div>","protected":false},"excerpt":{"rendered":"<p>[vc_row][vc_column][vc_column_text css=&#8221;&#8221;]Der SKM Neuss e.V. leistet seit 1971 mit Bestehen der ersten Wohnanlagen Gemeinwe- senarbeit (GWA) in und f\u00fcr Erfttal. Im Zuge des 2001 initiierten Stadtteilerneuerungsprozesses wurde der Fachbereich GWA um die Aufgaben des Stadtteilmanagements erweitert, um sich st\u00e4rker an einer sozialr\u00e4umlichen Orientierung auszurichten. 2005 erfolgte nach einem Umbau der Einzug in das neue B\u00fcrgerhaus [&hellip;]<\/p>\n","protected":false},"author":1,"featured_media":0,"parent":0,"menu_order":0,"comment_status":"closed","ping_status":"closed","template":"","meta":{"footnotes":""},"class_list":["post-423","page","type-page","status-publish","hentry"],"_links":{"self":[{"href":"https:\/\/www.buergerhaus-erfttal.de\/index.php?rest_route=\/wp\/v2\/pages\/423","targetHints":{"allow":["GET"]}}],"collection":[{"href":"https:\/\/www.buergerhaus-erfttal.de\/index.php?rest_route=\/wp\/v2\/pages"}],"about":[{"href":"https:\/\/www.buergerhaus-erfttal.de\/index.php?rest_route=\/wp\/v2\/types\/page"}],"author":[{"embeddable":true,"href":"https:\/\/www.buergerhaus-erfttal.de\/index.php?rest_route=\/wp\/v2\/users\/1"}],"replies":[{"embeddable":true,"href":"https:\/\/www.buergerhaus-erfttal.de\/index.php?rest_route=%2Fwp%2Fv2%2Fcomments&post=423"}],"version-history":[{"count":3,"href":"https:\/\/www.buergerhaus-erfttal.de\/index.php?rest_route=\/wp\/v2\/pages\/423\/revisions"}],"predecessor-version":[{"id":429,"href":"https:\/\/www.buergerhaus-erfttal.de\/index.php?rest_route=\/wp\/v2\/pages\/423\/revisions\/429"}],"wp:attachment":[{"href":"https:\/\/www.buergerhaus-erfttal.de\/index.php?rest_route=%2Fwp%2Fv2%2Fmedia&parent=423"}],"curies":[{"name":"wp","href":"https:\/\/api.w.org\/{rel}","templated":true}]}}