{"id":43,"date":"2016-12-23T15:24:04","date_gmt":"2016-12-23T15:24:04","guid":{"rendered":"https:\/\/www.buergerhaus-erfttal.de\/index.php\/stadtteilkonferenz\/"},"modified":"2026-03-09T16:47:13","modified_gmt":"2026-03-09T16:47:13","slug":"stadtteilkonferenz","status":"publish","type":"page","link":"https:\/\/www.buergerhaus-erfttal.de\/?page_id=43","title":{"rendered":"Stadtteilkonferenz"},"content":{"rendered":"<p style=\"text-align: center;\"><a href=\"https:\/\/www.buergerhaus-erfttal.de\/wp-content\/uploads\/2016\/12\/Foto-Stadtteilkonferenz-11.2017-096.jpg\" class=\"jcepopup\" data-mediabox=\"1\" data-mediabox-title=\"Stadtteilkonferenz Neuss-Erfttal\"><img decoding=\"async\" src=\"https:\/\/www.buergerhaus-erfttal.de\/wp-content\/uploads\/2016\/12\/Foto-Stadtteilkonferenz-11.2017-096.jpg\" alt=\"Foto Stadtteilkonferenz 11.2017\" \/><\/a><span style=\"font-size: 18pt;\"><strong>GEMEINSCHAFT WIRD IN ERFTTAL GROSS GESCHRIEBEN!<\/strong><\/span><\/p>\n<p style=\"text-align: justify;\">Seit Anbeginn des Stadtteils trifft sich die <em>Stadtteilkonferenz<\/em> als Zusammenschluss von Bewohnern, von Vereinen und Kirchengemeinden, der in Erfttal ans\u00e4ssigen Einrichtungen sowie der Wohnungswirtschaft, Gesch\u00e4ftswelt und Stadtverwaltung zu einem regelm\u00e4\u00dfigen Austausch.&nbsp; Alle Themen, die den Stadtteil betreffen, die Erfahrungen aus den einzelnen Wirkungskreisen und Lebenswelten k\u00f6nnen eingebracht werden. Die Akteure haben es sich zur gemeinsamen Aufgabe gemacht, die Entwicklung des Stadtteils und die Lebensbedingungen f\u00fcr die hier lebenden und arbeitenden Menschen positiv und zukunftsgerichtet zu gestalten.<\/p>\n<p>Daf\u00fcr bringt sich jeder wie er oder sie kann auf ganz unterschiedlichen Ebenen ein:<\/p>\n<table>\n<tbody>\n<tr>\n<td><a href=\"https:\/\/www.buergerhaus-erfttal.de\/wp-content\/uploads\/2016\/12\/netzwerkerfttal-bh-1fe.PNG\" class=\"jcepopup\" data-mediabox=\"1\" data-mediabox-title=\"Netzwerk Erfttal\"><img loading=\"lazy\" decoding=\"async\" src=\"https:\/\/www.buergerhaus-erfttal.de\/wp-content\/uploads\/2016\/12\/netzwerkerfttal-bh-1fe.PNG\" alt=\"netzwerkerfttal bh\" width=\"460\" height=\"324\" \/><\/a>&nbsp;<\/td>\n<td>\n<ul>\n<li>im nachbarschaftlichen Miteinander<\/li>\n<li>im ehrenamtlichen Engagement<\/li>\n<li>im Gespr\u00e4ch auf der Stra\u00dfe<\/li>\n<li>im Kontakt mit Kindern\/Jugendlichen<\/li>\n<li>im Kontakt mit Eltern<\/li>\n<li>im Kontakt mit Senioren<\/li>\n<li>im Beratungsgespr\u00e4ch<\/li>\n<li>im kollegialen Austausch<\/li>\n<li>in Arbeitsgruppen<\/li>\n<li>in Aussch\u00fcssen<\/li>\n<li>im Stadtrat<\/li>\n<li>in der Stadtteilkonferenz<\/li>\n<\/ul>\n<p>&nbsp;<\/td>\n<\/tr>\n<\/tbody>\n<\/table>\n<div>Im B\u00fcrgerhaus Erfttal des SKM Neuss e.V. laufen die \u201eF\u00e4den\u201c des Netzwerkes zusammen.<\/div>\n<div>Jeder, der sich beteiligen m\u00f6chte, ist hier herzlich willkommen.<\/div>\n<p style=\"text-align: justify;\">Wenn auch Sie ein bestimmtes Anliegen haben, Ideen und Vorschl\u00e4ge mit den anderen Akteuren teilen m\u00f6chten oder einfach neugierig sind und Interesse haben, sich f\u00fcr Ihren Stadtteil zu engagieren, melden Sie sich bitte im<\/p>\n<p style=\"text-align: justify;\"><strong>B\u00fcrgerhaus Erfttal, Tel. 101776. Wir freuen uns auf Sie &#8211; auf bald!<\/strong><\/p>\n<hr \/>\n<p style=\"text-align: center;\"><em><strong><span style=\"text-decoration: underline;\">Mitglieder der Stadtteilkonferenz Erfttal<\/span><\/strong><\/em><\/p>\n<p style=\"text-align: center;\"><em>Anwohner des Stadtteils + B\u00fcrgerhaus Erfttal (SKM) + B\u00fcrger- u. Sch\u00fctzenverein Erfttal + DRK-Familienzentrum Erfttal + Ev. Kirchengemeinde Gnadental-Erfttal + Ev. Kindertagesst\u00e4tte Bedburger Stra\u00dfe (DW Neuss-S\u00fcd) + Freundeskreis d. Dt. a. d. ehemaligen SU + Gebr\u00fcder-Grimm-Gemeinschaftsgrundschule + Jugendamt (Stadt Neuss) + Kath. Kirchengemeinde St. Cornelius + Kath. Familienzentrum St. Cornelius + Kids-Treff + Kontakt-Erfttal (SKM) + Kreis-Polizeibeh\u00f6rde Neuss + Pro Pflege-Selbsthilfenetzwerk + Schuldner- u. Insolvenzberatung (SKM) + Sozialberatung (SKF) + SG-Erfttal + Streetwork Erfttal (SKM) + Tagespflege (DW Neuss-S\u00fcd) + T\u00fcrkisch-Islamischer-Kulturverein<\/em><\/p>\n","protected":false},"excerpt":{"rendered":"<p>GEMEINSCHAFT WIRD IN ERFTTAL GROSS GESCHRIEBEN! Seit Anbeginn des Stadtteils trifft sich die Stadtteilkonferenz als Zusammenschluss von Bewohnern, von Vereinen und Kirchengemeinden, der in Erfttal ans\u00e4ssigen Einrichtungen sowie der Wohnungswirtschaft, Gesch\u00e4ftswelt und Stadtverwaltung zu einem regelm\u00e4\u00dfigen Austausch.&nbsp; Alle Themen, die den Stadtteil betreffen, die Erfahrungen aus den einzelnen Wirkungskreisen und Lebenswelten k\u00f6nnen eingebracht werden. Die [&hellip;]<\/p>\n","protected":false},"author":1,"featured_media":41,"parent":0,"menu_order":30,"comment_status":"closed","ping_status":"closed","template":"","meta":{"footnotes":""},"class_list":["post-43","page","type-page","status-publish","has-post-thumbnail","hentry"],"_links":{"self":[{"href":"https:\/\/www.buergerhaus-erfttal.de\/index.php?rest_route=\/wp\/v2\/pages\/43","targetHints":{"allow":["GET"]}}],"collection":[{"href":"https:\/\/www.buergerhaus-erfttal.de\/index.php?rest_route=\/wp\/v2\/pages"}],"about":[{"href":"https:\/\/www.buergerhaus-erfttal.de\/index.php?rest_route=\/wp\/v2\/types\/page"}],"author":[{"embeddable":true,"href":"https:\/\/www.buergerhaus-erfttal.de\/index.php?rest_route=\/wp\/v2\/users\/1"}],"replies":[{"embeddable":true,"href":"https:\/\/www.buergerhaus-erfttal.de\/index.php?rest_route=%2Fwp%2Fv2%2Fcomments&post=43"}],"version-history":[{"count":1,"href":"https:\/\/www.buergerhaus-erfttal.de\/index.php?rest_route=\/wp\/v2\/pages\/43\/revisions"}],"predecessor-version":[{"id":494,"href":"https:\/\/www.buergerhaus-erfttal.de\/index.php?rest_route=\/wp\/v2\/pages\/43\/revisions\/494"}],"wp:featuredmedia":[{"embeddable":true,"href":"https:\/\/www.buergerhaus-erfttal.de\/index.php?rest_route=\/wp\/v2\/media\/41"}],"wp:attachment":[{"href":"https:\/\/www.buergerhaus-erfttal.de\/index.php?rest_route=%2Fwp%2Fv2%2Fmedia&parent=43"}],"curies":[{"name":"wp","href":"https:\/\/api.w.org\/{rel}","templated":true}]}}