{"id":430,"date":"2025-10-10T12:32:41","date_gmt":"2025-10-10T12:32:41","guid":{"rendered":"https:\/\/www.buergerhaus-erfttal.de\/?page_id=430"},"modified":"2025-10-10T13:44:53","modified_gmt":"2025-10-10T13:44:53","slug":"50-jahre-gwa","status":"publish","type":"page","link":"https:\/\/www.buergerhaus-erfttal.de\/?page_id=430","title":{"rendered":"Gemeinwesenarbeit in Neuss: 50 Jahre SKM-Engagement in Erfttal"},"content":{"rendered":"<div class=\"wpb-content-wrapper\"><p>[vc_row][vc_column width=&#8221;1\/4&#8243;][\/vc_column][vc_column width=&#8221;1\/4&#8243;][\/vc_column][vc_column width=&#8221;1\/4&#8243;][\/vc_column][vc_column width=&#8221;1\/4&#8243;][vc_column_text css=&#8221;&#8221;]<span style=\"text-decoration: underline;\">NGZ 25.09.2021<\/span>[\/vc_column_text][\/vc_column][\/vc_row][vc_row][vc_column][vc_single_image image=&#8221;434&#8243; img_size=&#8221;full&#8221; alignment=&#8221;center&#8221; css=&#8221;&#8221;][vc_column_text css=&#8221;&#8221;]Bruder Gereon (3.v.l.), erster Sozialarbeiter in Erfttal, wurde von Reiner Breuer, Philip Benning und Paul Petersen als Ehrengast begr\u00fc\u00dft. <em>Foto: Georg Salzburg (salz)<\/em><\/p>\n<p><strong>Neuss<\/strong> Der erste Sozialarbeiter erinnert zum Jubil\u00e4um an den Start der Gemeinwesenarbeit.<br \/>\nVon Christoph Kleinau<\/p>\n<p>&nbsp;<\/p>\n<p>Im Oktober 1970 wurden in Erfttal die ersten beiden Hochh\u00e4user bezogen, ein Jahr sp\u00e4ter lebten schon 735 Familien in dem am Rei\u00dfbrett geplanten Ortsteil. Damals sei man so klug gewesen, erinnerte B\u00fcrgermeister Reiner Breuer am Freitag, die rasante Entwicklung nicht treiben zu lassen, sondern \u201egleich vor Ort eine Gemeinwesenarbeit sicherzustellen\u201c. So kam der Sozialdienst katholischer M\u00e4nner (SKM) nach Erfttal \u2013 und blieb.<\/p>\n<p>Ein halbes Jahrhundert sp\u00e4ter ist der SKM mit seiner Jugendarbeit im Kontakt Erfttal, der Gemeinwesenarbeit im B\u00fcrgerhaus und der offenen Jugendarbeit der Streetworker eine unverzichtbare Gr\u00f6\u00dfe im Ort, betonte der ehemalige Landtagsabgeordnete Heinz Sahnen bei der Jubil\u00e4umsfeier im B\u00fcrgerhaus. So arbeite er mit an der Aufgabe, ein Gemeinschaftsgef\u00fchl zu schaffen. Sahnen geh\u00f6rte zu den ersten Erfttalern und war damals einer von drei Erwachsenen, die bei der Sonntags-Disco im \u201eWei\u00dfen Pavillon\u201c Aufsicht f\u00fchrten. Ein Angebot, dass es ohne Hans-Dieter Henkhues vielleicht nicht gegeben h\u00e4tte. Der heute 79-j\u00e4hrige Bruder Gereon wurde als erster Sozialarbeiter nach Erfttal geschickt. \u201eDer Zauber des Anfangs befl\u00fcgelte mich\u201c, erinnert sich der Canisianerbruder, der zur Jubil\u00e4umsfeier seinen Konvent in Kevelaer verlassen hatte und \u2013 zum ersten Mal seit einem Vierteljahrhundert \u2013 wieder in Erfttal war.<\/p>\n<p>Doch die ersten Erfahrungen seien ern\u00fcchternd gewesen, sagt er. Es habe riesige Probleme im Ort gegeben, den er als eine W\u00fcste in Erinnerung hat. \u201eAlles Schlamm.\u201c So seien auch Aggressionen aufgekommen und m\u00e4chtige Proteste laut geworden, erinnert sich Bruder Gereon. \u201eAugenma\u00df, Geduld und Gelassenheit waren gefordert\u201c \u2013 um das Ziel, eine Verbesserung der Lebensbedingungen, zu erreichen.<\/p>\n<p>Das hie\u00df f\u00fcr den Sozialarbeiter, der alleine auf seinem Posten stand, Klinken zu putzen, Kontakt zu suchen, kleine Schritte zu gehen. Erste Erfolge waren eine von Eltern betreute \u2013 und illegale, wie er sich erinnert \u2013 Not-Kita im SKM-Pavillon und die Schaffung von ersten Gemeinschaftsr\u00e4umen in drei Hochh\u00e4usern. Als das Jugendzentrum \u201eKontakt\u201c 1978 entstand, war Bruder Gereon schon nicht mehr in Erfttal. Das B\u00fcrgerhaus folgte 1994.<\/p>\n<p>Ohne die Arbeit des Canisianerbruders \u201est\u00fcnden wir vielleicht heute nicht hier\u201c, sagte der SKM- Vorsitzende Philip Benning. Er definierte Gemeinwesenarbeit als Arbeit in Gemeinschaft, die Hilfe zur Selbsthilfe leisten und nicht bevormunden will. Und die Raum gibt f\u00fcr ehrenamtliches Engagement. B\u00fcrgermeister Breuer hatte dem noch etwas hinzuzuf\u00fcgen: \u201eSie schaffen Heimat im Quartier\u201c, sagte er in Richtung von Paul Petersen, dem Leiter des B\u00fcrgerhauses, samt Team.[\/vc_column_text][\/vc_column][\/vc_row]<\/p>\n<\/div>","protected":false},"excerpt":{"rendered":"<p>[vc_row][vc_column width=&#8221;1\/4&#8243;][\/vc_column][vc_column width=&#8221;1\/4&#8243;][\/vc_column][vc_column width=&#8221;1\/4&#8243;][\/vc_column][vc_column width=&#8221;1\/4&#8243;][vc_column_text css=&#8221;&#8221;]NGZ 25.09.2021[\/vc_column_text][\/vc_column][\/vc_row][vc_row][vc_column][vc_single_image image=&#8221;434&#8243; img_size=&#8221;full&#8221; alignment=&#8221;center&#8221; css=&#8221;&#8221;][vc_column_text css=&#8221;&#8221;]Bruder Gereon (3.v.l.), erster Sozialarbeiter in Erfttal, wurde von Reiner Breuer, Philip Benning und Paul Petersen als Ehrengast begr\u00fc\u00dft. Foto: Georg Salzburg (salz) Neuss Der erste Sozialarbeiter erinnert zum Jubil\u00e4um an den Start der Gemeinwesenarbeit. Von Christoph Kleinau &nbsp; Im Oktober 1970 wurden in [&hellip;]<\/p>\n","protected":false},"author":1,"featured_media":0,"parent":0,"menu_order":0,"comment_status":"closed","ping_status":"closed","template":"","meta":{"footnotes":""},"class_list":["post-430","page","type-page","status-publish","hentry"],"_links":{"self":[{"href":"https:\/\/www.buergerhaus-erfttal.de\/index.php?rest_route=\/wp\/v2\/pages\/430","targetHints":{"allow":["GET"]}}],"collection":[{"href":"https:\/\/www.buergerhaus-erfttal.de\/index.php?rest_route=\/wp\/v2\/pages"}],"about":[{"href":"https:\/\/www.buergerhaus-erfttal.de\/index.php?rest_route=\/wp\/v2\/types\/page"}],"author":[{"embeddable":true,"href":"https:\/\/www.buergerhaus-erfttal.de\/index.php?rest_route=\/wp\/v2\/users\/1"}],"replies":[{"embeddable":true,"href":"https:\/\/www.buergerhaus-erfttal.de\/index.php?rest_route=%2Fwp%2Fv2%2Fcomments&post=430"}],"version-history":[{"count":4,"href":"https:\/\/www.buergerhaus-erfttal.de\/index.php?rest_route=\/wp\/v2\/pages\/430\/revisions"}],"predecessor-version":[{"id":436,"href":"https:\/\/www.buergerhaus-erfttal.de\/index.php?rest_route=\/wp\/v2\/pages\/430\/revisions\/436"}],"wp:attachment":[{"href":"https:\/\/www.buergerhaus-erfttal.de\/index.php?rest_route=%2Fwp%2Fv2%2Fmedia&parent=430"}],"curies":[{"name":"wp","href":"https:\/\/api.w.org\/{rel}","templated":true}]}}