{"id":70,"date":"2016-12-24T10:06:35","date_gmt":"2016-12-24T10:06:35","guid":{"rendered":"https:\/\/www.buergerhaus-erfttal.de\/index.php\/nachbarschaft-integration\/"},"modified":"2016-12-24T10:06:35","modified_gmt":"2016-12-24T10:06:35","slug":"nachbarschaft-integration","status":"publish","type":"page","link":"https:\/\/www.buergerhaus-erfttal.de\/?page_id=70","title":{"rendered":"Nachbarschaft\/Integration"},"content":{"rendered":"<p>&nbsp;<\/p>\n<table>\n<tbody>\n<tr>\n<td style=\"vertical-align: top;\">\n<p><span style=\"text-decoration: underline;\"><strong>Cafeteria<\/strong><\/span><\/p>\n<p>Die Cafeteria im B\u00fcrgerhaus Erfttal ist montags bis freitags von 9:00 Uhr &#8211; 13:00 Uhr sowie dienstags und donnerstags von 14:00 &#8211; 17:00 Uhr ge\u00f6ffnet.<\/p>\n<p>Bei vorheriger Anmeldung k\u00f6nnen Sie folgende Angebote der Cafeteria wahrnehmen :<\/p>\n<div><strong>Der kleine Fr\u00fchst\u00fccksteller<\/strong><\/div>\n<div>1 Br\u00f6tchen, K\u00e4se, Marmelade, 1 gek. Ei, 2 Tassen Kaffee oder Tee kosten 2,50 \u20ac.<\/div>\n<div><strong>Der gro\u00dfe Fr\u00fchst\u00fccksteller<\/strong><\/div>\n<div>2 Br\u00f6tchen, Wurst, K\u00e4se, Marmelade, Quark, 1 gek. Ei, 1 Glas Orangensaft, Kaffee oder Tee kosten 4,00 \u20ac<\/div>\n<div>&nbsp;<\/div>\n<div><strong>Mittagstisch<\/strong><\/div>\n<p>Der Mittagstisch am Mo. &#8211; Fr. jeweils von 12:00-13:00 Uhr beinhaltet ein Hauptgericht und Dessert<\/p>\n<p>Bitte einen Tag vorher anmelden unter 02131\/101776<\/p>\n<p>Den aktuellen Menueplan finden Sie hier: <em>(durch Anklicken vergr\u00f6\u00dfern)<\/em><\/p>\n<p><a href=\"https:\/\/www.buergerhaus-erfttal.de\/wp-content\/uploads\/2013\/11\/speiseplan-28c-scaled.jpg\" title=\"Menueplan\"><em><img loading=\"lazy\" decoding=\"async\" src=\"https:\/\/www.buergerhaus-erfttal.de\/wp-content\/uploads\/2013\/11\/speiseplan-28c-scaled.jpg\" alt=\"speiseplan\" width=\"444\" height=\"246\" \/><\/em><\/a><\/p>\n<\/td>\n<td>&nbsp;<\/td>\n<\/tr>\n<tr>\n<td style=\"vertical-align: top;\">&nbsp;<\/td>\n<td>&nbsp;<\/td>\n<\/tr>\n<tr>\n<td style=\"vertical-align: top;\">\n<div><span style=\"text-decoration: underline;\"><strong>Caf\u00e9-International<\/strong><\/span><\/div>\n<div>Mo.: 15:00 &#8211; 16:30 Uhr<\/div>\n<div>Fr.: 09:30 &#8211; 11:00 Uhr<\/div>\n<div>Ein Treffpunkt f\u00fcr Frauen in netter Atmosph\u00e4re bei Kaffee oder Tee. Neben anregenden Gespr\u00e4chen k\u00f6nnen Feste und gemeinsame Unternehmungen geplant werden.<\/div>\n<div><strong>Leitung: Nesrin &amp; Rima<\/strong>&nbsp;<\/div>\n<\/td>\n<td>&nbsp;<\/td>\n<\/tr>\n<tr>\n<td style=\"vertical-align: top;\">&nbsp;<\/td>\n<td>&nbsp;<\/td>\n<\/tr>\n<tr>\n<td style=\"vertical-align: top;\">\n<div><span style=\"text-decoration: underline;\"><strong>Integration praktisch<\/strong><\/span><\/div>\n<div>Do.. Fr.: 16:30 &#8211; 18:00 Uhr<\/div>\n<div>Alltagshilfen zur leichteren Integration von Fl\u00fcchtlingen und Migranten<\/div>\n<div><strong>Leitung: Sylwia Tyborski<\/strong>&nbsp;<\/div>\n<\/td>\n<td>&nbsp;<\/td>\n<\/tr>\n<tr>\n<td style=\"vertical-align: top;\">&nbsp;<\/td>\n<td>&nbsp;<\/td>\n<\/tr>\n<tr>\n<td style=\"vertical-align: top;\"><span style=\"text-decoration: underline;\"><strong>Nachbarschaftsfeste<\/strong><\/span><\/td>\n<td>&nbsp;<img loading=\"lazy\" decoding=\"async\" class=\" size-full wp-image-68\" src=\"https:\/\/www.buergerhaus-erfttal.de\/wp-content\/uploads\/2016\/12\/nachbarschaftsfest07-6be.jpg\" alt=\"\" width=\"307\" height=\"205\" srcset=\"https:\/\/www.buergerhaus-erfttal.de\/wp-content\/uploads\/2016\/12\/nachbarschaftsfest07-6be.jpg 307w, https:\/\/www.buergerhaus-erfttal.de\/wp-content\/uploads\/2016\/12\/nachbarschaftsfest07-6be-300x200.jpg 300w\" sizes=\"auto, (max-width: 307px) 100vw, 307px\" \/><img loading=\"lazy\" decoding=\"async\" class=\" size-full wp-image-69\" src=\"https:\/\/www.buergerhaus-erfttal.de\/wp-content\/uploads\/2016\/12\/nachbarschaftsfest107-d77.jpg\" alt=\"\" width=\"307\" height=\"205\" srcset=\"https:\/\/www.buergerhaus-erfttal.de\/wp-content\/uploads\/2016\/12\/nachbarschaftsfest107-d77.jpg 307w, https:\/\/www.buergerhaus-erfttal.de\/wp-content\/uploads\/2016\/12\/nachbarschaftsfest107-d77-300x200.jpg 300w\" sizes=\"auto, (max-width: 307px) 100vw, 307px\" \/><\/td>\n<\/tr>\n<\/tbody>\n<\/table>\n","protected":false},"excerpt":{"rendered":"<p>&nbsp; Cafeteria Die Cafeteria im B\u00fcrgerhaus Erfttal ist montags bis freitags von 9:00 Uhr &#8211; 13:00 Uhr sowie dienstags und donnerstags von 14:00 &#8211; 17:00 Uhr ge\u00f6ffnet. Bei vorheriger Anmeldung k\u00f6nnen Sie folgende Angebote der Cafeteria wahrnehmen : Der kleine Fr\u00fchst\u00fccksteller 1 Br\u00f6tchen, K\u00e4se, Marmelade, 1 gek. Ei, 2 Tassen Kaffee oder Tee kosten 2,50 [&hellip;]<\/p>\n","protected":false},"author":1,"featured_media":0,"parent":0,"menu_order":25,"comment_status":"closed","ping_status":"closed","template":"","meta":{"footnotes":""},"class_list":["post-70","page","type-page","status-publish","hentry"],"_links":{"self":[{"href":"https:\/\/www.buergerhaus-erfttal.de\/index.php?rest_route=\/wp\/v2\/pages\/70","targetHints":{"allow":["GET"]}}],"collection":[{"href":"https:\/\/www.buergerhaus-erfttal.de\/index.php?rest_route=\/wp\/v2\/pages"}],"about":[{"href":"https:\/\/www.buergerhaus-erfttal.de\/index.php?rest_route=\/wp\/v2\/types\/page"}],"author":[{"embeddable":true,"href":"https:\/\/www.buergerhaus-erfttal.de\/index.php?rest_route=\/wp\/v2\/users\/1"}],"replies":[{"embeddable":true,"href":"https:\/\/www.buergerhaus-erfttal.de\/index.php?rest_route=%2Fwp%2Fv2%2Fcomments&post=70"}],"version-history":[{"count":0,"href":"https:\/\/www.buergerhaus-erfttal.de\/index.php?rest_route=\/wp\/v2\/pages\/70\/revisions"}],"wp:attachment":[{"href":"https:\/\/www.buergerhaus-erfttal.de\/index.php?rest_route=%2Fwp%2Fv2%2Fmedia&parent=70"}],"curies":[{"name":"wp","href":"https:\/\/api.w.org\/{rel}","templated":true}]}}