{"id":72,"date":"2016-12-24T10:48:23","date_gmt":"2016-12-24T10:48:23","guid":{"rendered":"https:\/\/www.buergerhaus-erfttal.de\/index.php\/aktivcenter-fuer-alleinerziehende\/"},"modified":"2016-12-24T10:48:23","modified_gmt":"2016-12-24T10:48:23","slug":"aktivcenter-fuer-alleinerziehende","status":"publish","type":"page","link":"https:\/\/www.buergerhaus-erfttal.de\/?page_id=72","title":{"rendered":"Aktivcenter f\u00fcr Alleinerziehende"},"content":{"rendered":"<p><img loading=\"lazy\" decoding=\"async\" class=\" size-full wp-image-71\" src=\"https:\/\/www.buergerhaus-erfttal.de\/wp-content\/uploads\/2016\/12\/aktivcenter2016-bf8.jpg\" alt=\"\" style=\"display: block; margin-left: auto; margin-right: auto;\" width=\"512\" height=\"384\" srcset=\"https:\/\/www.buergerhaus-erfttal.de\/wp-content\/uploads\/2016\/12\/aktivcenter2016-bf8.jpg 512w, https:\/\/www.buergerhaus-erfttal.de\/wp-content\/uploads\/2016\/12\/aktivcenter2016-bf8-300x225.jpg 300w\" sizes=\"auto, (max-width: 512px) 100vw, 512px\" \/><\/p>\n<p>Der SKM Neuss e.V. bietet in Kooperation mit dem Kolpingbildungswerk ein so genanntes Aktivcenter zur Aktivierung und beruflichen Integration Alleinerziehender an. Das Aktivcenter ist auf drei Standorte verteilt: Neuss-Derikum, Neuss-Erfttal, (beide SKM) und Neusser Furth (Kolpingbildungswerk). Es bietet Pl\u00e4tze f\u00fcr insgesamt 34 TeilnehmerInnen.<\/p>\n<p><strong>Zielgruppe<\/strong><\/p>\n<p>Wir wenden uns mit der Ma\u00dfnahme an alleinerziehende erwerbsf\u00e4hige Leistungsberechtigte des Jobcenters Rhein-Kreis Neuss.<\/p>\n<p><strong>Ma\u00dfnahmedauer<\/strong><\/p>\n<p>F\u00fcr die Dauer von bis zu 6 Monaten k\u00f6nnen die Teilnehmerinnen im Rahmen projektbezogener Arbeiten Grundkenntnisse in den 3 Berufsfeldern erwerben und gleichzeitig die Vereinbarkeit von Familie und Beruf erproben.<\/p>\n<p><strong>Berufsfelder<\/strong><\/p>\n<p>\u2022 8 TN-Pl\u00e4tze f\u00fcr Gesundheit\/Pflege (SKM, Erfttal)<br \/> \u2022 10 TN-Pl\u00e4tze f\u00fcr Wirtschaft\/Verwaltung\/Handel (SKM, Derikum)<br \/> \u2022 16 TN-Pl\u00e4tze f\u00fcr Hotel\/Gastronomie (Kolpingbildungswerk, Furth)<\/p>\n<p><strong>Inhalte<\/strong><\/p>\n<p>Neben angeleiteten Praxiseinheiten und Projektarbeiten in den einzelnen Fachbereichen stehen<br \/> \u2022 schulische Grundlagen<br \/> \u2022 EDV-Kenntnisse<br \/> \u2022 intensives Bewerbungstraining<br \/> auf dem Stundenplan. Die Teilnehmerinnen werden hierbei von einem Team aus Fachkr\u00e4ften der jeweiligen Berufsfelder angeleitet und erhalten zur F\u00f6rderung ihrer F\u00e4higkeiten und Kompetenzen zudem eine individuelle sozialp\u00e4dagogische Begleitung.<\/p>\n<p><strong>Auftraggeber<\/strong><\/p>\n<p>Die Zuweisung in das Aktivcenter erfolgt \u00fcber das Jobcenter Rhein-Kreis Neuss. In enger Zusammenarbeit mit den Mitarbeiterinnen und Mitarbeitern des Jobcenters Rhein-Kreis Neuss werden realistische Aktivierungspl\u00e4ne und individuelle Ziele erarbeitet.<\/p>\n<p><strong>Projektverantwortlich<\/strong><\/p>\n<p>Standort Derikum: Beate Neunzig<br \/> Standort Erfttal: Paul Petersen<\/p>\n<p><strong>Ansprechpartnerinnen vor Ort<\/strong><\/p>\n<p>Beate Neunzig<br \/> Haus Derikum, 02137-4920<br \/>Elena Bauer<br \/> B\u00fcrgerhaus Erfttal, 02131-101776<\/p>\n","protected":false},"excerpt":{"rendered":"<p>Der SKM Neuss e.V. bietet in Kooperation mit dem Kolpingbildungswerk ein so genanntes Aktivcenter zur Aktivierung und beruflichen Integration Alleinerziehender an. Das Aktivcenter ist auf drei Standorte verteilt: Neuss-Derikum, Neuss-Erfttal, (beide SKM) und Neusser Furth (Kolpingbildungswerk). Es bietet Pl\u00e4tze f\u00fcr insgesamt 34 TeilnehmerInnen. Zielgruppe Wir wenden uns mit der Ma\u00dfnahme an alleinerziehende erwerbsf\u00e4hige Leistungsberechtigte des [&hellip;]<\/p>\n","protected":false},"author":1,"featured_media":71,"parent":0,"menu_order":24,"comment_status":"closed","ping_status":"closed","template":"","meta":{"footnotes":""},"class_list":["post-72","page","type-page","status-publish","has-post-thumbnail","hentry"],"_links":{"self":[{"href":"https:\/\/www.buergerhaus-erfttal.de\/index.php?rest_route=\/wp\/v2\/pages\/72","targetHints":{"allow":["GET"]}}],"collection":[{"href":"https:\/\/www.buergerhaus-erfttal.de\/index.php?rest_route=\/wp\/v2\/pages"}],"about":[{"href":"https:\/\/www.buergerhaus-erfttal.de\/index.php?rest_route=\/wp\/v2\/types\/page"}],"author":[{"embeddable":true,"href":"https:\/\/www.buergerhaus-erfttal.de\/index.php?rest_route=\/wp\/v2\/users\/1"}],"replies":[{"embeddable":true,"href":"https:\/\/www.buergerhaus-erfttal.de\/index.php?rest_route=%2Fwp%2Fv2%2Fcomments&post=72"}],"version-history":[{"count":0,"href":"https:\/\/www.buergerhaus-erfttal.de\/index.php?rest_route=\/wp\/v2\/pages\/72\/revisions"}],"wp:featuredmedia":[{"embeddable":true,"href":"https:\/\/www.buergerhaus-erfttal.de\/index.php?rest_route=\/wp\/v2\/media\/71"}],"wp:attachment":[{"href":"https:\/\/www.buergerhaus-erfttal.de\/index.php?rest_route=%2Fwp%2Fv2%2Fmedia&parent=72"}],"curies":[{"name":"wp","href":"https:\/\/api.w.org\/{rel}","templated":true}]}}